{"id":9701,"date":"2018-05-28T09:26:08","date_gmt":"2018-05-28T09:26:08","guid":{"rendered":"https:\/\/timingsense.com\/tsportable-especificaciones\/"},"modified":"2022-12-28T16:55:46","modified_gmt":"2022-12-28T16:55:46","slug":"tsportable-specifications","status":"publish","type":"page","link":"https:\/\/timingsense.com\/fr\/tsportable-specifications\/","title":{"rendered":"TSPortable &#8211; Sp\u00e9cifications"},"content":{"rendered":"[vc_row fullwidth=\u00a0\u00bbtrue\u00a0\u00bb fullwidth_content=\u00a0\u00bbfalse\u00a0\u00bb id=\u00a0\u00bbsecondaryNav\u00a0\u00bb][vc_column][vc_row_inner][vc_column_inner el_class=\u00a0\u00bbts_sticky_nav_product\u00a0\u00bb width=\u00a0\u00bb1\/3&Prime;][mk_image src=\u00a0\u00bbhttps:\/\/timingsense.com\/wp-content\/uploads\/2017\/12\/icono-timingsense.png\u00a0\u00bb image_size=\u00a0\u00bbfull\u00a0\u00bb link=\u00a0\u00bbhttps:\/\/timingsense.com\/\u00a0\u00bb margin_bottom=\u00a0\u00bb0&Prime; el_class=\u00a0\u00bbts_sticky_nav\u00a0\u00bb][mk_fancy_title tag_name=\u00a0\u00bbh1&Prime; color=\u00a0\u00bb#0a0a0a\u00a0\u00bb size=\u00a0\u00bb20&Prime; font_weight=\u00a0\u00bb300&Prime; margin_bottom=\u00a0\u00bb0&Prime; font_family=\u00a0\u00bbnone\u00a0\u00bb responsive_align=\u00a0\u00bbleft\u00a0\u00bb el_class=\u00a0\u00bbts_sticky_product_name\u00a0\u00bb]\n<p class=\"p1\"><span class=\"s1\">TSPortable<\/span><\/p>\n[\/mk_fancy_title][vc_icon icon_fontawesome=\u00a0\u00bbfa fa-chevron-down\u00a0\u00bb color=\u00a0\u00bbblack\u00a0\u00bb align=\u00a0\u00bbright\u00a0\u00bb el_id=\u00a0\u00bbtoggleSubmenu\u00a0\u00bb][\/vc_column_inner][vc_column_inner el_class=\u00a0\u00bbsecondarynav-wrapper\u00a0\u00bb width=\u00a0\u00bb2\/3&Prime;][vc_wp_custommenu nav_menu=\u00a0\u00bb177&Prime;][\/vc_column_inner][\/vc_row_inner][\/vc_column][\/vc_row][mk_page_section padding_top=\u00a0\u00bb90&Prime; sidebar=\u00a0\u00bbsidebar-1&Prime;][vc_column][mk_fancy_title tag_name=\u00a0\u00bbh1&Prime; color=\u00a0\u00bb#000000&Prime; size=\u00a0\u00bb30&Prime; force_font_size=\u00a0\u00bbtrue\u00a0\u00bb size_smallscreen=\u00a0\u00bb30&Prime; size_tablet=\u00a0\u00bb30&Prime; size_phone=\u00a0\u00bb30&Prime; font_weight=\u00a0\u00bb300&Prime; font_family=\u00a0\u00bbnone\u00a0\u00bb]\n<p>Sp\u00e9cifications<\/p>\n[\/mk_fancy_title][vc_row_inner][vc_column_inner width=\u00a0\u00bb1\/12&Prime;][\/vc_column_inner][vc_column_inner width=\u00a0\u00bb11\/12&Prime;][mk_custom_list icon_color=\u00a0\u00bb#0a0303&Prime; align=\u00a0\u00bbleft\u00a0\u00bb el_class=\u00a0\u00bbchecklist\u00a0\u00bb]\n<ul>\n<li>Haute puissance et vitesse de lecture, jusqu&rsquo;\u00e0 4 m\u00e8tres de la puce.<\/li>\n<li>534 grammes pour un point de chronom\u00e9trage (poids total du t\u00e9l\u00e9phone portable plus lecteur RFID).<\/li>\n<li>L&rsquo;\u00e9lectronique peut r\u00e9sister \u00e0 des temp\u00e9ratures allant de -10\u00b0C \u00e0 40\u00b0C.<\/li>\n<li>Batterie de lecture de plus d&rsquo;une semaine.<\/li>\n<li>Synchronisation automatique avec TSCloud.<\/li>\n<li>Sauvegarde des lectures sur le t\u00e9l\u00e9phone portable.<\/li>\n<\/ul>\n[\/mk_custom_list][mk_button dimension=\u00a0\u00bboutline\u00a0\u00bb corner_style=\u00a0\u00bbfull_rounded\u00a0\u00bb icon=\u00a0\u00bbmk-moon-download-3&Prime; url=\u00a0\u00bbhttps:\/\/timingsense.com\/wp-content\/uploads\/2018\/06\/fr-tsportable-datasheet.pptx-1.pdf\u00a0\u00bb target=\u00a0\u00bb_blank\u00a0\u00bb margin_bottom=\u00a0\u00bb0&Prime; margin_right=\u00a0\u00bb0&Prime; el_class=\u00a0\u00bbbtnCTAOutline btnDownload\u00a0\u00bb outline_skin=\u00a0\u00bbcustom\u00a0\u00bb outline_active_text_color=\u00a0\u00bb#1d67ff\u00a0\u00bb outline_hover_bg_color=\u00a0\u00bb#1d67ff\u00a0\u00bb outline_hover_color=\u00a0\u00bb#ffffff\u00a0\u00bb]T\u00c9L\u00c9CHARGER LE PDF[\/mk_button][\/vc_column_inner][\/vc_row_inner][\/vc_column][\/mk_page_section][vc_row css=\u00a0\u00bb.vc_custom_1513815013878{margin-top: 50px !important;margin-bottom: 50px !important;}\u00a0\u00bb][vc_column][vc_separator color=\u00a0\u00bbcustom\u00a0\u00bb accent_color=\u00a0\u00bb#d3d9dd\u00a0\u00bb][\/vc_column][\/vc_row][vc_row][vc_column][mk_fancy_title tag_name=\u00a0\u00bbh3&Prime; color=\u00a0\u00bb#000000&Prime; size=\u00a0\u00bb20&Prime; force_font_size=\u00a0\u00bbtrue\u00a0\u00bb size_smallscreen=\u00a0\u00bb20&Prime; size_tablet=\u00a0\u00bb20&Prime; size_phone=\u00a0\u00bb20&Prime; font_weight=\u00a0\u00bb400&Prime; font_family=\u00a0\u00bbnone\u00a0\u00bb]Qu\u2019est-ce que le TSPortable comprend?[\/mk_fancy_title][vc_row_inner][vc_column_inner width=\u00a0\u00bb1\/3&Prime;][mk_image src=\u00a0\u00bbhttps:\/\/timingsense.com\/wp-content\/uploads\/2018\/05\/tsp_lector-rfid-especf.jpg\u00a0\u00bb image_size=\u00a0\u00bbfull\u00a0\u00bb align=\u00a0\u00bbcenter\u00a0\u00bb][mk_fancy_title tag_name=\u00a0\u00bbspan\u00a0\u00bb color=\u00a0\u00bb#888888&Prime; force_font_size=\u00a0\u00bbtrue\u00a0\u00bb size_smallscreen=\u00a0\u00bb14&Prime; size_tablet=\u00a0\u00bb14&Prime; size_phone=\u00a0\u00bb14&Prime; font_weight=\u00a0\u00bb400&Prime; font_family=\u00a0\u00bbnone\u00a0\u00bb align=\u00a0\u00bbcenter\u00a0\u00bb el_class=\u00a0\u00bbimgmax50&Prime;]\n<p class=\"p1\"><span class=\"s1\">Lecteur RFID<\/span><\/p>\n[\/mk_fancy_title][\/vc_column_inner][vc_column_inner width=\u00a0\u00bb1\/3&Prime;][mk_image src=\u00a0\u00bbhttps:\/\/timingsense.com\/wp-content\/uploads\/2018\/05\/tsp_specs_motog4.jpg\u00a0\u00bb image_size=\u00a0\u00bbfull\u00a0\u00bb align=\u00a0\u00bbcenter\u00a0\u00bb][mk_fancy_title tag_name=\u00a0\u00bbspan\u00a0\u00bb color=\u00a0\u00bb#888888&Prime; force_font_size=\u00a0\u00bbtrue\u00a0\u00bb size_smallscreen=\u00a0\u00bb14&Prime; size_tablet=\u00a0\u00bb14&Prime; size_phone=\u00a0\u00bb14&Prime; font_weight=\u00a0\u00bb400&Prime; font_family=\u00a0\u00bbnone\u00a0\u00bb align=\u00a0\u00bbcenter\u00a0\u00bb]\n<p class=\"p1\"><span class=\"s1\">Motorola G4<\/span><\/p>\n[\/mk_fancy_title][\/vc_column_inner][vc_column_inner width=\u00a0\u00bb1\/3&Prime;][mk_image src=\u00a0\u00bbhttps:\/\/timingsense.com\/wp-content\/uploads\/2018\/05\/cargadores-tsportable.jpg\u00a0\u00bb image_size=\u00a0\u00bbfull\u00a0\u00bb align=\u00a0\u00bbcenter\u00a0\u00bb][mk_fancy_title tag_name=\u00a0\u00bbspan\u00a0\u00bb color=\u00a0\u00bb#888888&Prime; force_font_size=\u00a0\u00bbtrue\u00a0\u00bb size_smallscreen=\u00a0\u00bb14&Prime; size_tablet=\u00a0\u00bb14&Prime; size_phone=\u00a0\u00bb14&Prime; font_weight=\u00a0\u00bb400&Prime; font_family=\u00a0\u00bbnone\u00a0\u00bb align=\u00a0\u00bbcenter\u00a0\u00bb]\n<p class=\"p1\"><span class=\"s1\">Chargeur de lecteur RFID<\/span><\/p>\n[\/mk_fancy_title][\/vc_column_inner][\/vc_row_inner][\/vc_column][\/vc_row][vc_row css=\u00a0\u00bb.vc_custom_1513815013878{margin-top: 50px !important;margin-bottom: 50px !important;}\u00a0\u00bb][vc_column][vc_separator color=\u00a0\u00bbcustom\u00a0\u00bb accent_color=\u00a0\u00bb#d3d9dd\u00a0\u00bb][\/vc_column][\/vc_row][vc_row][vc_column][mk_fancy_title tag_name=\u00a0\u00bbh3&Prime; color=\u00a0\u00bb#000000&Prime; size=\u00a0\u00bb20&Prime; force_font_size=\u00a0\u00bbtrue\u00a0\u00bb size_smallscreen=\u00a0\u00bb20&Prime; size_tablet=\u00a0\u00bb20&Prime; size_phone=\u00a0\u00bb20&Prime; font_weight=\u00a0\u00bb400&Prime; font_family=\u00a0\u00bbnone\u00a0\u00bb]Lecteur RFID[\/mk_fancy_title][vc_row_inner][vc_column_inner width=\u00a0\u00bb1\/3&Prime;][mk_image src=\u00a0\u00bbhttps:\/\/timingsense.com\/wp-content\/uploads\/2018\/05\/tsp_lector-rfid-especf.jpg\u00a0\u00bb image_size=\u00a0\u00bbfull\u00a0\u00bb align=\u00a0\u00bbcenter\u00a0\u00bb][\/vc_column_inner][vc_column_inner width=\u00a0\u00bb2\/3&Prime;][vc_column_text el_class=\u00a0\u00bbtechnicalDescription\u00a0\u00bb css=\u00a0\u00bb.vc_custom_1528296549719{margin-bottom: 0px !important;}\u00a0\u00bb]\n<p class=\"p1\"><span class=\"s1\">Dimensions: 16 x 7,7 x 16,9 cm (avec la poign\u00e9e)<br \/>\nPoids: 380 g<\/span><\/p>\n<p><span class=\"s1\">Batterie (amovible et rechargeable): Lithium<\/span><br \/>\n<span class=\"s1\">Tension nominale 4,2 V<\/span><br \/>\n<span class=\"s1\">Capacit\u00e9 nominale 2200 mAh<\/span><br \/>\n<span class=\"s1\">Rev\u00eatement: Polycarbonate<\/span><\/p>\n<p><span class=\"s1\">Caract\u00e9ristiques de pr\u00e9sentation:<\/span><br \/>\n<span class=\"s1\">Contr\u00f4leur RFID: module TSL\u00ae personnalis\u00e9 avec Impinj R2000 int\u00e9gr\u00e9<\/span><\/p>\n<p><span class=\"s1\">Temp\u00e9rature ambiante de fonctionnement:<\/span><br \/>\n<span class=\"s1\">Temp\u00e9rature de fonctionnement: -10\u00b0C \u00e0 40 \u00b0C<\/span><br \/>\n<span class=\"s1\">Temp\u00e9rature de charge: 5\u00b0C \u00e0 40\u00b0C\/span&gt;<br \/>\n<span class=\"s1\">Humidit\u00e9: 5% \u00e0 85% sans condensation<\/span><br \/>\n<span class=\"s1\">R\u00e9sistance environnementale: d\u00e9charge \u00e9lectrostatique IP54 (ESD)<\/span><\/span><\/p>\n<p><span class=\"s1\">Rendement RFID:<\/span><br \/>\n<span class=\"s1\">Normes admises: EPC Class 1 Gen 2<\/span><br \/>\n<span class=\"s1\">Plage de lecture nominale2: jusqu&rsquo;\u00e0 4 m\u00e8tres<\/span><br \/>\n<span class=\"s1\">Plage d&rsquo;\u00e9criture nominale2: jusqu&rsquo;\u00e0 1,22 m<\/span><br \/>\n<span class=\"s1\">Champ: avant 150 degr\u00e9s vers l&rsquo;avant (approx.) Mesur\u00e9 depuis l&rsquo;avant de l&rsquo;appareil<\/span><br \/>\n<span class=\"s1\">Antenne: amovible, polaris\u00e9e circulairement<\/span><br \/>\n<span class=\"s1\">Plage de fr\u00e9quences: UE: 865-868 MHz; USA \u00c9tats-Unis: 902-928 MHz<\/span><br \/>\n<span class=\"s1\">Puissance de sortie: 10 mW \u00e0 800 mW<\/span><\/p>\n<p><span class=\"s1\">Communication:<\/span><br \/>\n<span class=\"s1\">Bluetooth\u00ae: Bluetooth\u00ae Version 2.1 Profil SPI Profil HID Apple iAP<\/span><br \/>\n<span class=\"s1\">Classe Bluetooth\u00ae: Classe 2<\/span><br \/>\n<span class=\"s1\">Gamme Bluetooth\u00ae 4: 30 m<\/span><br \/>\n<span class=\"s1\">Couplage Bluetooth\u00ae: code PIN, appariement s\u00e9curis\u00e9 simple, couplage NFC OOB<\/span><\/p>\n<p><span class=\"s1\">Normatif:<\/span><br \/>\n<span class=\"s1\">G\u00e9n\u00e9ral: Approuv\u00e9 pour une utilisation aux \u00c9tats-Unis. \u00c9tats-Unis, Canada, Europe, Australie, Br\u00e9sil, Chine, Hong Kong, Japon, Malaisie, Singapour, Cor\u00e9e du Sud, Taiwan, Tha\u00eflande et les \u00c9mirats arabes unis.<\/span><br \/>\n<span class=\"s1\">S\u00e9curit\u00e9 \u00e9lectrique: certifi\u00e9 selon UL60950-1, CSA C22.2 No. 60950-1, IEC 60950-1, EN 60950-1<\/span><br \/>\n<span class=\"s1\">EMI \/ RFI: EE. \u00c9tats-Unis: FCC Part 15 Canada: ICES 003 Classe B, RSS-Gen, RSS-102, RSS-247 UE: EN 301 489-3, EN 301 489-1, EN 301 489-17, EN 302-208, EN55022 Classe B, EN55024<\/span><br \/>\n<span class=\"s1\">S\u00e9curit\u00e9 laser: IEC Class2 \/ FDA Classe II selon IEC60825-1 \/ EN60825-1, 21CFR1040.10<\/span>[\/vc_column_text][\/vc_column_inner][\/vc_row_inner][\/vc_column][\/vc_row][vc_row css=\u00a0\u00bb.vc_custom_1513815013878{margin-top: 50px !important;margin-bottom: 50px !important;}\u00a0\u00bb][vc_column][vc_separator color=\u00a0\u00bbcustom\u00a0\u00bb accent_color=\u00a0\u00bb#d3d9dd\u00a0\u00bb][\/vc_column][\/vc_row][vc_row][vc_column][mk_fancy_title tag_name=\u00a0\u00bbh3&Prime; color=\u00a0\u00bb#000000&Prime; size=\u00a0\u00bb20&Prime; force_font_size=\u00a0\u00bbtrue\u00a0\u00bb size_smallscreen=\u00a0\u00bb20&Prime; size_tablet=\u00a0\u00bb18&Prime; size_phone=\u00a0\u00bb16&Prime; font_weight=\u00a0\u00bb400&Prime; font_family=\u00a0\u00bbnone\u00a0\u00bb]\n<p class=\"p1\"><span class=\"s1\">Motorola G4<\/span><\/p>\n[\/mk_fancy_title][vc_row_inner][vc_column_inner width=\u00a0\u00bb1\/3&Prime;][mk_image src=\u00a0\u00bbhttps:\/\/timingsense.com\/wp-content\/uploads\/2018\/05\/tsp_specs_motog4.jpg\u00a0\u00bb image_size=\u00a0\u00bbfull\u00a0\u00bb align=\u00a0\u00bbcenter\u00a0\u00bb][\/vc_column_inner][vc_column_inner width=\u00a0\u00bb2\/3&Prime;][vc_column_text el_class=\u00a0\u00bbtechnicalDescription\u00a0\u00bb css=\u00a0\u00bb.vc_custom_1528295954928{margin-bottom: 0px !important;}\u00a0\u00bb]\n<p class=\"p1\"><span class=\"s1\">Mod\u00e8le: SM4361AD1L1<br \/>\n<\/span><span class=\"s1\">Nom du mod\u00e8le: Moto G4<br \/>\n<\/span><span class=\"s1\">Poids: 154 g<br \/>\n<\/span><span class=\"s1\">Dimensions: 0,8 x 7,7 x 15,3 cm<br \/>\n<\/span><span class=\"s1\">Batterie: 1 x Ion de lithium (inclus)<br \/>\n<\/span><span class=\"s1\">Capacit\u00e9 de m\u00e9moire RAM: 2 GB<br \/>\n<\/span><span class=\"s1\">Capacit\u00e9 maximale de la RAM: 128 GB<br \/>\n<\/span><span class=\"s1\">Capacit\u00e9 de stockage: 16GB<br \/>\n<\/span><span class=\"s1\">Syst\u00e8me op\u00e9ratif: Android 6.0<br \/>\n<\/span><span class=\"s1\">Processeur: Qualcomm Snapdragon<br \/>\n<\/span><span class=\"s1\">Vitesse du processeur: 1,5 GHz<br \/>\n<\/span><span class=\"s1\">Nombre de processeurs: 8<br \/>\n<\/span><span class=\"s1\">Appareils compatibles: MicroSD (TransFlash)<br \/>\n<\/span><span class=\"s1\">Type d&rsquo;\u00e9cran: TFT<br \/>\n<\/span><span class=\"s1\">R\u00e9solution de l&rsquo;\u00e9cran: 1080 pixels<br \/>\n<\/span><span class=\"s1\">Type de connexion sans fil: 802.11B<br \/>\n<\/span><span class=\"s1\">Description de l&rsquo;interface r\u00e9seau: Bluetooth et Wifi LTE<br \/>\n<\/span><span class=\"s1\">Description du clavier: tactile<br \/>\n<\/span><span class=\"s1\">Connectivit\u00e9 sans fil: 2G|3G|4G|WIFI|Bluetooth<br \/>\n<\/span><span class=\"s1\">Type de mat\u00e9riau: plastique<\/span><\/p>\n[\/vc_column_text][\/vc_column_inner][\/vc_row_inner][\/vc_column][\/vc_row][vc_row css=\u00a0\u00bb.vc_custom_1527495276990{margin-top: 50px !important;margin-bottom: 50px !important;}\u00a0\u00bb][vc_column][vc_separator color=\u00a0\u00bbcustom\u00a0\u00bb accent_color=\u00a0\u00bb#d3d9dd\u00a0\u00bb][\/vc_column][\/vc_row][vc_row][vc_column][mk_fancy_title tag_name=\u00a0\u00bbh3&Prime; color=\u00a0\u00bb#000000&Prime; size=\u00a0\u00bb20&Prime; force_font_size=\u00a0\u00bbtrue\u00a0\u00bb size_smallscreen=\u00a0\u00bb20&Prime; size_tablet=\u00a0\u00bb18&Prime; size_phone=\u00a0\u00bb16&Prime; font_weight=\u00a0\u00bb400&Prime; font_family=\u00a0\u00bbnone\u00a0\u00bb]\n<p class=\"p1\"><span class=\"s1\">Chargeur de lecteur RFID<\/span><\/p>\n[\/mk_fancy_title][vc_row_inner][vc_column_inner width=\u00a0\u00bb1\/3&Prime;][mk_image src=\u00a0\u00bbhttps:\/\/timingsense.com\/wp-content\/uploads\/2018\/05\/cargadores-tsportable.jpg\u00a0\u00bb image_size=\u00a0\u00bbfull\u00a0\u00bb align=\u00a0\u00bbcenter\u00a0\u00bb][\/vc_column_inner][vc_column_inner width=\u00a0\u00bb2\/3&Prime;][vc_column_text el_class=\u00a0\u00bbtechnicalDescription\u00a0\u00bb css=\u00a0\u00bb.vc_custom_1528296020361{margin-bottom: 0px !important;}\u00a0\u00bb]\n<p class=\"p1\"><span class=\"s1\">Dimensions: 67 x 49,5 x 64,8 mm<br \/>\n<\/span><span class=\"s1\">Poids (environ): 80 g<br \/>\n<\/span><span class=\"s1\">Tension d&rsquo;entr\u00e9e: 100-240Vac, 50-60Hz<br \/>\n<\/span><span class=\"s1\">Tension de sortie: + 5V, 1A<br \/>\n<\/span><span class=\"s1\">Norme de licence de s\u00e9curit\u00e9: (BS EN60950-1) Norme EMI CE (EN55022)<br \/>\n<\/span><span class=\"s1\">Plage de temp\u00e9rature: de 0\u00baC \u00e0 40\u00baC<br \/>\n<\/span><span class=\"s1\">Type de connecteur: Micro USB<\/span><\/p>\n[\/vc_column_text][\/vc_column_inner][\/vc_row_inner][\/vc_column][\/vc_row][vc_row][vc_column][mk_padding_divider size=\u00a0\u00bb70&Prime;][\/vc_column][\/vc_row][mk_page_section bg_color=\u00a0\u00bb#0012a1&Prime; bg_position=\u00a0\u00bbcenter top\u00a0\u00bb bg_repeat=\u00a0\u00bbno-repeat\u00a0\u00bb bg_stretch=\u00a0\u00bbtrue\u00a0\u00bb video_color_mask=\u00a0\u00bb#0000a1&Prime; video_opacity=\u00a0\u00bb0&Prime; padding_top=\u00a0\u00bb120&Prime; padding_bottom=\u00a0\u00bb100&Prime; section_id=\u00a0\u00bbcontact\u00a0\u00bb sidebar=\u00a0\u00bbsidebar-1&Prime;][vc_column][vc_row_inner][vc_column_inner width=\u00a0\u00bb1\/6&Prime;][\/vc_column_inner][vc_column_inner width=\u00a0\u00bb2\/3&Prime;][mk_fancy_title tag_name=\u00a0\u00bbspan\u00a0\u00bb color=\u00a0\u00bb#ffffff\u00a0\u00bb size=\u00a0\u00bb30&Prime; force_font_size=\u00a0\u00bbtrue\u00a0\u00bb size_smallscreen=\u00a0\u00bb30&Prime; size_tablet=\u00a0\u00bb26&Prime; size_phone=\u00a0\u00bb22&Prime; font_weight=\u00a0\u00bb300&Prime; margin_bottom=\u00a0\u00bb30&Prime; font_family=\u00a0\u00bbOpen+Sans\u00a0\u00bb font_type=\u00a0\u00bbgoogle\u00a0\u00bb align=\u00a0\u00bbcenter\u00a0\u00bb]\n<p class=\"p1\">Contactez-nous<\/p>\n[\/mk_fancy_title][vc_raw_html]JTNDc2NyaXB0JTIwdHlwZSUzRCUyMnRleHQlMkZqYXZhc2NyaXB0JTIyJTIwc3JjJTNEJTIyaHR0cHMlM0ElMkYlMkZhcGkuY2xpZW50aWZ5Lm5ldCUyRndlYi1tYXJrZXRpbmclMkZzdXBlcmZvcm1zJTJGc2NyaXB0JTJGMTA3MTAzLmpzJTIyJTNFJTNDJTJGc2NyaXB0JTNFJTBB[\/vc_raw_html][\/vc_column_inner][vc_column_inner width=\u00a0\u00bb1\/6&Prime;][\/vc_column_inner][\/vc_row_inner][\/vc_column][\/mk_page_section]\n","protected":false},"excerpt":{"rendered":"<p>[vc_row fullwidth=\u00a0\u00bbtrue\u00a0\u00bb fullwidth_content=\u00a0\u00bbfalse\u00a0\u00bb id=\u00a0\u00bbsecondaryNav\u00a0\u00bb][vc_column][vc_row_inner][vc_column_inner el_class=\u00a0\u00bbts_sticky_nav_product\u00a0\u00bb width=\u00a0\u00bb1\/3&Prime;][mk_image src=\u00a0\u00bbhttps:\/\/timingsense.com\/wp-content\/uploads\/2017\/12\/icono-timingsense.png\u00a0\u00bb image_size=\u00a0\u00bbfull\u00a0\u00bb link=\u00a0\u00bbhttps:\/\/timingsense.com\/\u00a0\u00bb margin_bottom=\u00a0\u00bb0&Prime; el_class=\u00a0\u00bbts_sticky_nav\u00a0\u00bb][mk_fancy_title tag_name=\u00a0\u00bbh1&Prime; color=\u00a0\u00bb#0a0a0a\u00a0\u00bb size=\u00a0\u00bb20&Prime; font_weight=\u00a0\u00bb300&Prime; margin_bottom=\u00a0\u00bb0&Prime; font_family=\u00a0\u00bbnone\u00a0\u00bb responsive_align=\u00a0\u00bbleft\u00a0\u00bb el_class=\u00a0\u00bbts_sticky_product_name\u00a0\u00bb] TSPortable [\/mk_fancy_title][vc_icon icon_fontawesome=\u00a0\u00bbfa fa-chevron-down\u00a0\u00bb color=\u00a0\u00bbblack\u00a0\u00bb align=\u00a0\u00bbright\u00a0\u00bb el_id=\u00a0\u00bbtoggleSubmenu\u00a0\u00bb][\/vc_column_inner][vc_column_inner el_class=\u00a0\u00bbsecondarynav-wrapper\u00a0\u00bb width=\u00a0\u00bb2\/3&Prime;][vc_wp_custommenu nav_menu=\u00a0\u00bb177&Prime;][\/vc_column_inner][\/vc_row_inner][\/vc_column][\/vc_row][mk_page_section padding_top=\u00a0\u00bb90&Prime; sidebar=\u00a0\u00bbsidebar-1&Prime;][vc_column][mk_fancy_title tag_name=\u00a0\u00bbh1&Prime; color=\u00a0\u00bb#000000&Prime; size=\u00a0\u00bb30&Prime; force_font_size=\u00a0\u00bbtrue\u00a0\u00bb size_smallscreen=\u00a0\u00bb30&Prime; size_tablet=\u00a0\u00bb30&Prime; size_phone=\u00a0\u00bb30&Prime; font_weight=\u00a0\u00bb300&Prime; font_family=\u00a0\u00bbnone\u00a0\u00bb] Sp\u00e9cifications [\/mk_fancy_title][vc_row_inner][vc_column_inner width=\u00a0\u00bb1\/12&Prime;][\/vc_column_inner][vc_column_inner width=\u00a0\u00bb11\/12&Prime;][mk_custom_list icon_color=\u00a0\u00bb#0a0303&Prime; align=\u00a0\u00bbleft\u00a0\u00bb el_class=\u00a0\u00bbchecklist\u00a0\u00bb] Haute puissance et vitesse de lecture, jusqu&rsquo;\u00e0 4 [&hellip;]<\/p>\n","protected":false},"author":2,"featured_media":0,"parent":0,"menu_order":0,"comment_status":"closed","ping_status":"closed","template":"","meta":[],"acf":[],"yoast_head":"<!-- This site is optimized with the Yoast SEO plugin v19.14 - https:\/\/yoast.com\/wordpress\/plugins\/seo\/ -->\n<title>Sp\u00e9cifications du TSPortable | timingsense<\/title>\n<meta name=\"description\" content=\"Une \u00e9quipement de chronom\u00e9trage de 534 grammes qui vous permettra de chronom\u00e9trer les points difficiles \u00e0 atteindre. Retrouvez ici toutes les sp\u00e9cifications techniques du lecteur RFID, du t\u00e9l\u00e9phone portable et du chargeur TSPortable.\" \/>\n<meta name=\"robots\" content=\"index, follow, max-snippet:-1, max-image-preview:large, max-video-preview:-1\" \/>\n<link rel=\"canonical\" href=\"https:\/\/timingsense.com\/fr\/tsportable-description\/\" \/>\n<meta property=\"og:locale\" content=\"fr_FR\" \/>\n<meta property=\"og:type\" content=\"article\" \/>\n<meta property=\"og:title\" content=\"Sp\u00e9cifications du TSPortable | timingsense\" \/>\n<meta property=\"og:description\" content=\"Une \u00e9quipement de chronom\u00e9trage de 534 grammes qui vous permettra de chronom\u00e9trer les points difficiles \u00e0 atteindre. Retrouvez ici toutes les sp\u00e9cifications techniques du lecteur RFID, du t\u00e9l\u00e9phone portable et du chargeur TSPortable.\" \/>\n<meta property=\"og:url\" content=\"https:\/\/timingsense.com\/fr\/tsportable-description\/\" \/>\n<meta property=\"og:site_name\" content=\"timingsense\" \/>\n<meta property=\"article:publisher\" content=\"https:\/\/www.facebook.com\/timingsense\/\" \/>\n<meta property=\"article:modified_time\" content=\"2022-12-28T16:55:46+00:00\" \/>\n<meta name=\"twitter:card\" content=\"summary_large_image\" \/>\n<meta name=\"twitter:site\" content=\"@timingsense\" \/>\n<meta name=\"twitter:label1\" content=\"Dur\u00e9e de lecture estim\u00e9e\" \/>\n\t<meta name=\"twitter:data1\" content=\"4 minutes\" \/>\n<script type=\"application\/ld+json\" class=\"yoast-schema-graph\">{\"@context\":\"https:\/\/schema.org\",\"@graph\":[{\"@type\":\"WebPage\",\"@id\":\"https:\/\/timingsense.com\/fr\/tsportable-specifications\/\",\"url\":\"https:\/\/timingsense.com\/fr\/tsportable-description\/\",\"name\":\"Sp\u00e9cifications du TSPortable | timingsense\",\"isPartOf\":{\"@id\":\"https:\/\/timingsense.com\/fr\/#website\"},\"datePublished\":\"2018-05-28T09:26:08+00:00\",\"dateModified\":\"2022-12-28T16:55:46+00:00\",\"description\":\"Une \u00e9quipement de chronom\u00e9trage de 534 grammes qui vous permettra de chronom\u00e9trer les points difficiles \u00e0 atteindre. Retrouvez ici toutes les sp\u00e9cifications techniques du lecteur RFID, du t\u00e9l\u00e9phone portable et du chargeur TSPortable.\",\"breadcrumb\":{\"@id\":\"https:\/\/timingsense.com\/fr\/tsportable-description\/#breadcrumb\"},\"inLanguage\":\"fr-FR\",\"potentialAction\":[{\"@type\":\"ReadAction\",\"target\":[\"https:\/\/timingsense.com\/fr\/tsportable-description\/\"]}]},{\"@type\":\"BreadcrumbList\",\"@id\":\"https:\/\/timingsense.com\/fr\/tsportable-description\/#breadcrumb\",\"itemListElement\":[{\"@type\":\"ListItem\",\"position\":1,\"name\":\"Home\",\"item\":\"https:\/\/timingsense.com\/fr\/\"},{\"@type\":\"ListItem\",\"position\":2,\"name\":\"TSPortable &#8211; Sp\u00e9cifications\"}]},{\"@type\":\"WebSite\",\"@id\":\"https:\/\/timingsense.com\/fr\/#website\",\"url\":\"https:\/\/timingsense.com\/fr\/\",\"name\":\"timingsense\",\"description\":\"Tecnolog\u00eda de cronometraje\",\"potentialAction\":[{\"@type\":\"SearchAction\",\"target\":{\"@type\":\"EntryPoint\",\"urlTemplate\":\"https:\/\/timingsense.com\/fr\/?s={search_term_string}\"},\"query-input\":\"required name=search_term_string\"}],\"inLanguage\":\"fr-FR\"}]}<\/script>\n<!-- \/ Yoast SEO plugin. -->","yoast_head_json":{"title":"Sp\u00e9cifications du TSPortable | timingsense","description":"Une \u00e9quipement de chronom\u00e9trage de 534 grammes qui vous permettra de chronom\u00e9trer les points difficiles \u00e0 atteindre. Retrouvez ici toutes les sp\u00e9cifications techniques du lecteur RFID, du t\u00e9l\u00e9phone portable et du chargeur TSPortable.","robots":{"index":"index","follow":"follow","max-snippet":"max-snippet:-1","max-image-preview":"max-image-preview:large","max-video-preview":"max-video-preview:-1"},"canonical":"https:\/\/timingsense.com\/fr\/tsportable-description\/","og_locale":"fr_FR","og_type":"article","og_title":"Sp\u00e9cifications du TSPortable | timingsense","og_description":"Une \u00e9quipement de chronom\u00e9trage de 534 grammes qui vous permettra de chronom\u00e9trer les points difficiles \u00e0 atteindre. Retrouvez ici toutes les sp\u00e9cifications techniques du lecteur RFID, du t\u00e9l\u00e9phone portable et du chargeur TSPortable.","og_url":"https:\/\/timingsense.com\/fr\/tsportable-description\/","og_site_name":"timingsense","article_publisher":"https:\/\/www.facebook.com\/timingsense\/","article_modified_time":"2022-12-28T16:55:46+00:00","twitter_card":"summary_large_image","twitter_site":"@timingsense","twitter_misc":{"Dur\u00e9e de lecture estim\u00e9e":"4 minutes"},"schema":{"@context":"https:\/\/schema.org","@graph":[{"@type":"WebPage","@id":"https:\/\/timingsense.com\/fr\/tsportable-specifications\/","url":"https:\/\/timingsense.com\/fr\/tsportable-description\/","name":"Sp\u00e9cifications du TSPortable | timingsense","isPartOf":{"@id":"https:\/\/timingsense.com\/fr\/#website"},"datePublished":"2018-05-28T09:26:08+00:00","dateModified":"2022-12-28T16:55:46+00:00","description":"Une \u00e9quipement de chronom\u00e9trage de 534 grammes qui vous permettra de chronom\u00e9trer les points difficiles \u00e0 atteindre. Retrouvez ici toutes les sp\u00e9cifications techniques du lecteur RFID, du t\u00e9l\u00e9phone portable et du chargeur TSPortable.","breadcrumb":{"@id":"https:\/\/timingsense.com\/fr\/tsportable-description\/#breadcrumb"},"inLanguage":"fr-FR","potentialAction":[{"@type":"ReadAction","target":["https:\/\/timingsense.com\/fr\/tsportable-description\/"]}]},{"@type":"BreadcrumbList","@id":"https:\/\/timingsense.com\/fr\/tsportable-description\/#breadcrumb","itemListElement":[{"@type":"ListItem","position":1,"name":"Home","item":"https:\/\/timingsense.com\/fr\/"},{"@type":"ListItem","position":2,"name":"TSPortable &#8211; Sp\u00e9cifications"}]},{"@type":"WebSite","@id":"https:\/\/timingsense.com\/fr\/#website","url":"https:\/\/timingsense.com\/fr\/","name":"timingsense","description":"Tecnolog\u00eda de cronometraje","potentialAction":[{"@type":"SearchAction","target":{"@type":"EntryPoint","urlTemplate":"https:\/\/timingsense.com\/fr\/?s={search_term_string}"},"query-input":"required name=search_term_string"}],"inLanguage":"fr-FR"}]}},"_links":{"self":[{"href":"https:\/\/timingsense.com\/fr\/wp-json\/wp\/v2\/pages\/9701"}],"collection":[{"href":"https:\/\/timingsense.com\/fr\/wp-json\/wp\/v2\/pages"}],"about":[{"href":"https:\/\/timingsense.com\/fr\/wp-json\/wp\/v2\/types\/page"}],"author":[{"embeddable":true,"href":"https:\/\/timingsense.com\/fr\/wp-json\/wp\/v2\/users\/2"}],"replies":[{"embeddable":true,"href":"https:\/\/timingsense.com\/fr\/wp-json\/wp\/v2\/comments?post=9701"}],"version-history":[{"count":11,"href":"https:\/\/timingsense.com\/fr\/wp-json\/wp\/v2\/pages\/9701\/revisions"}],"predecessor-version":[{"id":45263,"href":"https:\/\/timingsense.com\/fr\/wp-json\/wp\/v2\/pages\/9701\/revisions\/45263"}],"wp:attachment":[{"href":"https:\/\/timingsense.com\/fr\/wp-json\/wp\/v2\/media?parent=9701"}],"curies":[{"name":"wp","href":"https:\/\/api.w.org\/{rel}","templated":true}]}}