{"id":9690,"date":"2018-05-25T15:10:28","date_gmt":"2018-05-25T15:10:28","guid":{"rendered":"https:\/\/timingsense.com\/app-tsportable\/"},"modified":"2022-12-28T16:51:59","modified_gmt":"2022-12-28T16:51:59","slug":"app-tsportable","status":"publish","type":"page","link":"https:\/\/timingsense.com\/fr\/app-tsportable\/","title":{"rendered":"App"},"content":{"rendered":"[vc_row fullwidth=\u00a0\u00bbtrue\u00a0\u00bb fullwidth_content=\u00a0\u00bbfalse\u00a0\u00bb id=\u00a0\u00bbsecondaryNav\u00a0\u00bb][vc_column][vc_row_inner][vc_column_inner el_class=\u00a0\u00bbts_sticky_nav_product\u00a0\u00bb width=\u00a0\u00bb1\/3&Prime;][mk_image src=\u00a0\u00bbhttps:\/\/timingsense.com\/wp-content\/uploads\/2017\/12\/icono-timingsense.png\u00a0\u00bb image_size=\u00a0\u00bbfull\u00a0\u00bb link=\u00a0\u00bbhttps:\/\/timingsense.com\/\u00a0\u00bb margin_bottom=\u00a0\u00bb0&Prime; el_class=\u00a0\u00bbts_sticky_nav\u00a0\u00bb][mk_fancy_title tag_name=\u00a0\u00bbh1&Prime; color=\u00a0\u00bb#0a0a0a\u00a0\u00bb size=\u00a0\u00bb20&Prime; font_weight=\u00a0\u00bb300&Prime; margin_bottom=\u00a0\u00bb0&Prime; font_family=\u00a0\u00bbnone\u00a0\u00bb responsive_align=\u00a0\u00bbleft\u00a0\u00bb el_class=\u00a0\u00bbts_sticky_product_name\u00a0\u00bb]\n<p class=\"p1\"><span class=\"s1\">TSPortable<\/span><\/p>\n[\/mk_fancy_title][vc_icon icon_fontawesome=\u00a0\u00bbfa fa-chevron-down\u00a0\u00bb color=\u00a0\u00bbblack\u00a0\u00bb align=\u00a0\u00bbright\u00a0\u00bb el_id=\u00a0\u00bbtoggleSubmenu\u00a0\u00bb][\/vc_column_inner][vc_column_inner el_class=\u00a0\u00bbsecondarynav-wrapper\u00a0\u00bb width=\u00a0\u00bb2\/3&Prime;][vc_wp_custommenu nav_menu=\u00a0\u00bb177&Prime;][\/vc_column_inner][\/vc_row_inner][\/vc_column][\/vc_row][mk_page_section bg_image=\u00a0\u00bbhttps:\/\/timingsense.com\/wp-content\/uploads\/2018\/05\/tsp_app-screens-compressor.png\u00a0\u00bb bg_color=\u00a0\u00bb#ffffff\u00a0\u00bb bg_position=\u00a0\u00bbcenter bottom\u00a0\u00bb bg_repeat=\u00a0\u00bbno-repeat\u00a0\u00bb video_color_mask=\u00a0\u00bb#ebeef0&Prime; video_opacity=\u00a0\u00bb1&Prime; full_width=\u00a0\u00bbtrue\u00a0\u00bb padding_top=\u00a0\u00bb80&Prime; padding_bottom=\u00a0\u00bb0&Prime; section_id=\u00a0\u00bbsoftwareSectionSencillo\u00a0\u00bb sidebar=\u00a0\u00bbsidebar-1&Prime;][vc_column][vc_row_inner is_fullwidth_content=\u00a0\u00bbfalse\u00a0\u00bb][vc_column_inner][mk_fancy_title color=\u00a0\u00bb#000000&Prime; size=\u00a0\u00bb48&Prime; force_font_size=\u00a0\u00bbtrue\u00a0\u00bb size_smallscreen=\u00a0\u00bb36&Prime; size_tablet=\u00a0\u00bb36&Prime; size_phone=\u00a0\u00bb28&Prime; font_weight=\u00a0\u00bb300&Prime; margin_bottom=\u00a0\u00bb0&Prime; font_family=\u00a0\u00bbOpen+Sans\u00a0\u00bb font_type=\u00a0\u00bbgoogle\u00a0\u00bb align=\u00a0\u00bbcenter\u00a0\u00bb]\n<p>Une application simple<\/p>\n[\/mk_fancy_title][vc_column_text align=\u00a0\u00bbcenter\u00a0\u00bb el_class=\u00a0\u00bbtxtSubtitle\u00a0\u00bb css=\u00a0\u00bb.vc_custom_1528294437862{margin-bottom: 0px !important;}\u00a0\u00bb]La cl\u00e9 pour chronom\u00e9trer n&rsquo;importe quel point d&rsquo;une course tient dans la paume de votre main.[\/vc_column_text][\/vc_column_inner][\/vc_row_inner][mk_padding_divider size=\u00a0\u00bb300&Prime; visibility=\u00a0\u00bbvisible-sm\u00a0\u00bb][mk_image src=\u00a0\u00bbhttps:\/\/timingsense.com\/wp-content\/uploads\/2018\/05\/tsp_app-screens-compressor.png\u00a0\u00bb image_size=\u00a0\u00bbfull\u00a0\u00bb svg=\u00a0\u00bbtrue\u00a0\u00bb align=\u00a0\u00bbcenter\u00a0\u00bb margin_bottom=\u00a0\u00bb0&Prime; visibility=\u00a0\u00bbhidden-sm\u00a0\u00bb][\/vc_column][\/mk_page_section][mk_page_section bg_position=\u00a0\u00bbcenter center\u00a0\u00bb bg_repeat=\u00a0\u00bbno-repeat\u00a0\u00bb bg_gradient=\u00a0\u00bbhorizontal\u00a0\u00bb video_color_mask=\u00a0\u00bb#1d67ff\u00a0\u00bb gr_end=\u00a0\u00bb#009dff\u00a0\u00bb video_opacity=\u00a0\u00bb1&Prime; full_width=\u00a0\u00bbtrue\u00a0\u00bb padding_top=\u00a0\u00bb60&Prime; padding_bottom=\u00a0\u00bb60&Prime; sidebar=\u00a0\u00bbsidebar-1&Prime;][vc_column][vc_row_inner][vc_column_inner][mk_image src=\u00a0\u00bbhttps:\/\/timingsense.com\/wp-content\/uploads\/2018\/06\/ficha-producto-software-fr-1.png\u00a0\u00bb image_size=\u00a0\u00bbfull\u00a0\u00bb link=\u00a0\u00bbhttps:\/\/play.google.com\/store\/apps\/details?id=cronochip.projects.lectorrfid&amp;hl\u00a0\u00bb align=\u00a0\u00bbcenter\u00a0\u00bb margin_bottom=\u00a0\u00bb0&Prime; visibility=\u00a0\u00bbhidden-sm\u00a0\u00bb][\/vc_column_inner][\/vc_row_inner][vc_row_inner][vc_column_inner][mk_image src=\u00a0\u00bbhttps:\/\/timingsense.com\/wp-content\/uploads\/2018\/06\/software_mobile_fr.png\u00a0\u00bb image_size=\u00a0\u00bbfull\u00a0\u00bb link=\u00a0\u00bbhttps:\/\/play.google.com\/store\/apps\/details?id=cronochip.projects.lectorrfid&amp;hl\u00a0\u00bb align=\u00a0\u00bbcenter\u00a0\u00bb margin_bottom=\u00a0\u00bb0&Prime; visibility=\u00a0\u00bbvisible-sm\u00a0\u00bb][\/vc_column_inner][\/vc_row_inner][\/vc_column][\/mk_page_section][mk_page_section bg_image=\u00a0\u00bbhttps:\/\/timingsense.com\/wp-content\/uploads\/2018\/05\/lineas_bg_1.jpg\u00a0\u00bb bg_color=\u00a0\u00bb#ffffff\u00a0\u00bb bg_position=\u00a0\u00bbcenter top\u00a0\u00bb bg_repeat=\u00a0\u00bbno-repeat\u00a0\u00bb bg_stretch=\u00a0\u00bbtrue\u00a0\u00bb video_color_mask=\u00a0\u00bb#ebeef0&Prime; video_opacity=\u00a0\u00bb0&Prime; padding_top=\u00a0\u00bb90&Prime; padding_bottom=\u00a0\u00bb65&Prime; el_class=\u00a0\u00bbbg_contain\u00a0\u00bb sidebar=\u00a0\u00bbsidebar-1&Prime;][vc_column][vc_row_inner][vc_column_inner width=\u00a0\u00bb1\/3&Prime;][mk_image src=\u00a0\u00bbhttps:\/\/timingsense.com\/wp-content\/uploads\/2018\/05\/fiable.png\u00a0\u00bb image_size=\u00a0\u00bbfull\u00a0\u00bb align=\u00a0\u00bbcenter\u00a0\u00bb margin_bottom=\u00a0\u00bb20&Prime; el_class=\u00a0\u00bbicon90&Prime;][mk_fancy_title tag_name=\u00a0\u00bbh3&Prime; color=\u00a0\u00bb#000000&Prime; size=\u00a0\u00bb20&Prime; force_font_size=\u00a0\u00bbtrue\u00a0\u00bb size_smallscreen=\u00a0\u00bb20&Prime; size_tablet=\u00a0\u00bb20&Prime; size_phone=\u00a0\u00bb20&Prime; font_weight=\u00a0\u00bb300&Prime; margin_bottom=\u00a0\u00bb0&Prime; font_family=\u00a0\u00bbOpen+Sans\u00a0\u00bb font_type=\u00a0\u00bbgoogle\u00a0\u00bb align=\u00a0\u00bbcenter\u00a0\u00bb]Sauvegarde des lectures[\/mk_fancy_title][vc_column_text align=\u00a0\u00bbcenter\u00a0\u00bb el_class=\u00a0\u00bbtxtRegularBlack\u00a0\u00bb css=\u00a0\u00bb.vc_custom_1528294504527{margin-bottom: 0px !important;}\u00a0\u00bb]\n<p class=\"p1\"><span class=\"s1\">Vos lectures sont toujours stock\u00e9es dans l&rsquo;application et dans une base de donn\u00e9es t\u00e9l\u00e9phonique interne pour ne pas en manquer une seule.<\/span><\/p>\n[\/vc_column_text][mk_padding_divider size=\u00a0\u00bb60&Prime; visibility=\u00a0\u00bbvisible-sm\u00a0\u00bb][\/vc_column_inner][vc_column_inner width=\u00a0\u00bb1\/3&Prime;][mk_image src=\u00a0\u00bbhttps:\/\/timingsense.com\/wp-content\/uploads\/2017\/12\/usb-1.png\u00a0\u00bb image_size=\u00a0\u00bbfull\u00a0\u00bb align=\u00a0\u00bbcenter\u00a0\u00bb margin_bottom=\u00a0\u00bb20&Prime; el_class=\u00a0\u00bbicon90&Prime;][mk_fancy_title tag_name=\u00a0\u00bbh3&Prime; color=\u00a0\u00bb#000000&Prime; size=\u00a0\u00bb20&Prime; force_font_size=\u00a0\u00bbtrue\u00a0\u00bb size_smallscreen=\u00a0\u00bb20&Prime; size_tablet=\u00a0\u00bb20&Prime; size_phone=\u00a0\u00bb20&Prime; font_weight=\u00a0\u00bb300&Prime; margin_bottom=\u00a0\u00bb0&Prime; font_family=\u00a0\u00bbOpen+Sans\u00a0\u00bb font_type=\u00a0\u00bbgoogle\u00a0\u00bb align=\u00a0\u00bbcenter\u00a0\u00bb]\n<p class=\"p1\"><span class=\"s1\">Synchronisation automatique avec TSCloud<\/span><\/p>\n[\/mk_fancy_title][vc_column_text align=\u00a0\u00bbcenter\u00a0\u00bb el_class=\u00a0\u00bbtxtRegularBlack\u00a0\u00bb css=\u00a0\u00bb.vc_custom_1528294526475{margin-bottom: 0px !important;}\u00a0\u00bb]\n<p class=\"p1\"><span class=\"s1\">Si vous avez une connexion, les lectures sont t\u00e9l\u00e9charg\u00e9es vers TSCloud. A la ligne arriv\u00e9e, ils les recevront en temps r\u00e9el.<\/span><\/p>\n[\/vc_column_text][mk_padding_divider size=\u00a0\u00bb60&Prime; visibility=\u00a0\u00bbvisible-sm\u00a0\u00bb][\/vc_column_inner][vc_column_inner width=\u00a0\u00bb1\/3&Prime;][mk_image src=\u00a0\u00bbhttps:\/\/timingsense.com\/wp-content\/uploads\/2017\/12\/click-circle-1.png\u00a0\u00bb image_size=\u00a0\u00bbfull\u00a0\u00bb align=\u00a0\u00bbcenter\u00a0\u00bb margin_bottom=\u00a0\u00bb20&Prime; el_class=\u00a0\u00bbicon90&Prime;][mk_fancy_title tag_name=\u00a0\u00bbh3&Prime; color=\u00a0\u00bb#000000&Prime; size=\u00a0\u00bb20&Prime; force_font_size=\u00a0\u00bbtrue\u00a0\u00bb size_smallscreen=\u00a0\u00bb20&Prime; size_tablet=\u00a0\u00bb20&Prime; size_phone=\u00a0\u00bb20&Prime; font_weight=\u00a0\u00bb300&Prime; margin_bottom=\u00a0\u00bb0&Prime; font_family=\u00a0\u00bbOpen+Sans\u00a0\u00bb font_type=\u00a0\u00bbgoogle\u00a0\u00bb align=\u00a0\u00bbcenter\u00a0\u00bb]\n<p class=\"p1\"><span class=\"s1\">T\u00e9l\u00e9chargement des lectures dans CSV<\/span><\/p>\n[\/mk_fancy_title][vc_column_text align=\u00a0\u00bbcenter\u00a0\u00bb el_class=\u00a0\u00bbtxtRegularBlack\u00a0\u00bb css=\u00a0\u00bb.vc_custom_1528294556795{margin-bottom: 0px !important;}\u00a0\u00bb]\n<p class=\"p1\"><span class=\"s1\">Envoyez par courriel le fichier de n&rsquo;importe quel point de chronom\u00e9trage de l&rsquo;application.<\/span><\/p>\n[\/vc_column_text][mk_padding_divider size=\u00a0\u00bb60&Prime; visibility=\u00a0\u00bbvisible-sm\u00a0\u00bb][\/vc_column_inner][\/vc_row_inner][\/vc_column][\/mk_page_section][mk_page_section bg_position=\u00a0\u00bbcenter top\u00a0\u00bb bg_repeat=\u00a0\u00bbno-repeat\u00a0\u00bb bg_stretch=\u00a0\u00bbtrue\u00a0\u00bb bg_gradient=\u00a0\u00bbvertical\u00a0\u00bb video_color_mask=\u00a0\u00bb#d3d9dd\u00a0\u00bb gr_end=\u00a0\u00bb#ebeef0&Prime; video_opacity=\u00a0\u00bb1&Prime; padding_top=\u00a0\u00bb150&Prime; padding_bottom=\u00a0\u00bb50&Prime; sidebar=\u00a0\u00bbsidebar-1&Prime;][vc_column][vc_row_inner is_fullwidth_content=\u00a0\u00bbfalse\u00a0\u00bb css=\u00a0\u00bb.vc_custom_1513724864793{margin-bottom: 50px !important;}\u00a0\u00bb][vc_column_inner][mk_fancy_title color=\u00a0\u00bb#000000&Prime; size=\u00a0\u00bb30&Prime; force_font_size=\u00a0\u00bbtrue\u00a0\u00bb size_smallscreen=\u00a0\u00bb30&Prime; size_tablet=\u00a0\u00bb26&Prime; size_phone=\u00a0\u00bb22&Prime; font_weight=\u00a0\u00bb300&Prime; margin_bottom=\u00a0\u00bb0&Prime; font_family=\u00a0\u00bbOpen+Sans\u00a0\u00bb font_type=\u00a0\u00bbgoogle\u00a0\u00bb align=\u00a0\u00bbcenter\u00a0\u00bb]Contr\u00f4lez votre syst\u00e8me TSPortable \u00e0 distance \u00e0 partir de TSConnector[\/mk_fancy_title][vc_column_text align=\u00a0\u00bbcenter\u00a0\u00bb css=\u00a0\u00bb.vc_custom_1528466190403{margin-bottom: 0px !important;}\u00a0\u00bb]TSConnector est l&rsquo;application PC qui garantit que les lectures recueillies par n&rsquo;importe quel appareil timingsense sont automatiquement ins\u00e9r\u00e9es dans la base de donn\u00e9es de votre logiciel de chronom\u00e9trage, que l&rsquo;appareil soit connect\u00e9 localement ou \u00e0 distance. Utilisez-le \u00e0 partir de votre PC pour conna\u00eetre \u00e9galement le type de couverture, la batterie ou l&rsquo;envoi de lectures de votre TSPortable.[\/vc_column_text][\/vc_column_inner][\/vc_row_inner][vc_row_inner is_fullwidth_content=\u00a0\u00bbfalse\u00a0\u00bb][vc_column_inner width=\u00a0\u00bb1\/6&Prime;][\/vc_column_inner][vc_column_inner width=\u00a0\u00bb2\/3&Prime;][mk_image src=\u00a0\u00bbhttps:\/\/timingsense.com\/wp-content\/uploads\/2018\/06\/tsp_tsconnector_fr.png\u00a0\u00bb image_size=\u00a0\u00bbfull\u00a0\u00bb align=\u00a0\u00bbcenter\u00a0\u00bb margin_bottom=\u00a0\u00bb30&Prime;][\/vc_column_inner][vc_column_inner width=\u00a0\u00bb1\/6&Prime;][\/vc_column_inner][\/vc_row_inner][\/vc_column][\/mk_page_section][mk_page_section bg_image=\u00a0\u00bbhttps:\/\/timingsense.com\/wp-content\/uploads\/2018\/05\/bg_lineas_31x.jpg\u00a0\u00bb bg_position=\u00a0\u00bbright top\u00a0\u00bb bg_repeat=\u00a0\u00bbno-repeat\u00a0\u00bb bg_gradient=\u00a0\u00bbvertical\u00a0\u00bb video_color_mask=\u00a0\u00bb#ebeef0&Prime; video_opacity=\u00a0\u00bb0&Prime; padding_top=\u00a0\u00bb150&Prime; padding_bottom=\u00a0\u00bb150&Prime; section_id=\u00a0\u00bbsectionUnion\u00a0\u00bb sidebar=\u00a0\u00bbsidebar-1&Prime;][vc_column][vc_row_inner css=\u00a0\u00bb.vc_custom_1513789301060{margin-bottom: 20px !important;}\u00a0\u00bb][vc_column_inner width=\u00a0\u00bb1\/6&Prime;][\/vc_column_inner][vc_column_inner width=\u00a0\u00bb2\/3&Prime;][mk_image src=\u00a0\u00bbhttps:\/\/timingsense.com\/wp-content\/uploads\/2018\/05\/ts2-con-tu-software-de-cronometraje.png\u00a0\u00bb image_size=\u00a0\u00bbfull\u00a0\u00bb align=\u00a0\u00bbcenter\u00a0\u00bb margin_bottom=\u00a0\u00bb30&Prime; el_class=\u00a0\u00bbimgmax50&Prime;][mk_fancy_title color=\u00a0\u00bb#000000&Prime; size=\u00a0\u00bb30&Prime; force_font_size=\u00a0\u00bbtrue\u00a0\u00bb size_smallscreen=\u00a0\u00bb30&Prime; size_tablet=\u00a0\u00bb26&Prime; size_phone=\u00a0\u00bb22&Prime; font_weight=\u00a0\u00bb300&Prime; margin_bottom=\u00a0\u00bb0&Prime; font_family=\u00a0\u00bbOpen+Sans\u00a0\u00bb font_type=\u00a0\u00bbgoogle\u00a0\u00bb align=\u00a0\u00bbcenter\u00a0\u00bb]L&rsquo;Union fait la force[\/mk_fancy_title][vc_column_text align=\u00a0\u00bbcenter\u00a0\u00bb css=\u00a0\u00bb.vc_custom_1528294639133{margin-bottom: 0px !important;}\u00a0\u00bb]Notre syst\u00e8me peut \u00eatre int\u00e9gr\u00e9 avec RaceTec, Wiclax, GMCap, Cronometra Suite&#8230;. Utilisez-vous diff\u00e9rents logiciels ? \u00c9crivez-nous et nous vous aiderons[\/vc_column_text][mk_button dimension=\u00a0\u00bboutline\u00a0\u00bb corner_style=\u00a0\u00bbfull_rounded\u00a0\u00bb size=\u00a0\u00bbmedium\u00a0\u00bb url=\u00a0\u00bb#contact\u00a0\u00bb align=\u00a0\u00bbcenter\u00a0\u00bb margin_bottom=\u00a0\u00bb25&Prime; el_class=\u00a0\u00bbbtnCTAOutline btnSecondary btnDoubleLine\u00a0\u00bb outline_skin=\u00a0\u00bbcustom\u00a0\u00bb outline_active_text_color=\u00a0\u00bb#1d67ff\u00a0\u00bb outline_hover_bg_color=\u00a0\u00bb#1d67ff\u00a0\u00bb outline_hover_color=\u00a0\u00bb#ffffff\u00a0\u00bb]Contactez-nous[\/mk_button][\/vc_column_inner][vc_column_inner width=\u00a0\u00bb1\/6&Prime;][\/vc_column_inner][\/vc_row_inner][\/vc_column][\/mk_page_section][mk_page_section bg_color=\u00a0\u00bb#0012a1&Prime; bg_position=\u00a0\u00bbcenter top\u00a0\u00bb bg_repeat=\u00a0\u00bbno-repeat\u00a0\u00bb bg_stretch=\u00a0\u00bbtrue\u00a0\u00bb video_color_mask=\u00a0\u00bb#0000a1&Prime; video_opacity=\u00a0\u00bb0&Prime; padding_top=\u00a0\u00bb120&Prime; padding_bottom=\u00a0\u00bb100&Prime; section_id=\u00a0\u00bbcontact\u00a0\u00bb sidebar=\u00a0\u00bbsidebar-1&Prime;][vc_column][vc_row_inner][vc_column_inner width=\u00a0\u00bb1\/6&Prime;][\/vc_column_inner][vc_column_inner width=\u00a0\u00bb2\/3&Prime;][mk_fancy_title tag_name=\u00a0\u00bbspan\u00a0\u00bb color=\u00a0\u00bb#ffffff\u00a0\u00bb size=\u00a0\u00bb30&Prime; force_font_size=\u00a0\u00bbtrue\u00a0\u00bb size_smallscreen=\u00a0\u00bb30&Prime; size_tablet=\u00a0\u00bb26&Prime; size_phone=\u00a0\u00bb22&Prime; font_weight=\u00a0\u00bb300&Prime; margin_bottom=\u00a0\u00bb30&Prime; font_family=\u00a0\u00bbOpen+Sans\u00a0\u00bb font_type=\u00a0\u00bbgoogle\u00a0\u00bb align=\u00a0\u00bbcenter\u00a0\u00bb]\n<p class=\"p1\"><span class=\"s1\">Plus d\u2019informations<\/span><\/p>\n[\/mk_fancy_title][vc_raw_html]JTNDc2NyaXB0JTIwdHlwZSUzRCUyMnRleHQlMkZqYXZhc2NyaXB0JTIyJTIwc3JjJTNEJTIyaHR0cHMlM0ElMkYlMkZhcGkuY2xpZW50aWZ5Lm5ldCUyRndlYi1tYXJrZXRpbmclMkZzdXBlcmZvcm1zJTJGc2NyaXB0JTJGMTA3MTAzLmpzJTIyJTNFJTNDJTJGc2NyaXB0JTNF[\/vc_raw_html][\/vc_column_inner][vc_column_inner width=\u00a0\u00bb1\/6&Prime;][\/vc_column_inner][\/vc_row_inner][\/vc_column][\/mk_page_section]\n","protected":false},"excerpt":{"rendered":"<p>[vc_row fullwidth=\u00a0\u00bbtrue\u00a0\u00bb fullwidth_content=\u00a0\u00bbfalse\u00a0\u00bb id=\u00a0\u00bbsecondaryNav\u00a0\u00bb][vc_column][vc_row_inner][vc_column_inner el_class=\u00a0\u00bbts_sticky_nav_product\u00a0\u00bb width=\u00a0\u00bb1\/3&Prime;][mk_image src=\u00a0\u00bbhttps:\/\/timingsense.com\/wp-content\/uploads\/2017\/12\/icono-timingsense.png\u00a0\u00bb image_size=\u00a0\u00bbfull\u00a0\u00bb link=\u00a0\u00bbhttps:\/\/timingsense.com\/\u00a0\u00bb margin_bottom=\u00a0\u00bb0&Prime; el_class=\u00a0\u00bbts_sticky_nav\u00a0\u00bb][mk_fancy_title tag_name=\u00a0\u00bbh1&Prime; color=\u00a0\u00bb#0a0a0a\u00a0\u00bb size=\u00a0\u00bb20&Prime; font_weight=\u00a0\u00bb300&Prime; margin_bottom=\u00a0\u00bb0&Prime; font_family=\u00a0\u00bbnone\u00a0\u00bb responsive_align=\u00a0\u00bbleft\u00a0\u00bb el_class=\u00a0\u00bbts_sticky_product_name\u00a0\u00bb] TSPortable [\/mk_fancy_title][vc_icon icon_fontawesome=\u00a0\u00bbfa fa-chevron-down\u00a0\u00bb color=\u00a0\u00bbblack\u00a0\u00bb align=\u00a0\u00bbright\u00a0\u00bb el_id=\u00a0\u00bbtoggleSubmenu\u00a0\u00bb][\/vc_column_inner][vc_column_inner el_class=\u00a0\u00bbsecondarynav-wrapper\u00a0\u00bb width=\u00a0\u00bb2\/3&Prime;][vc_wp_custommenu nav_menu=\u00a0\u00bb177&Prime;][\/vc_column_inner][\/vc_row_inner][\/vc_column][\/vc_row][mk_page_section bg_image=\u00a0\u00bbhttps:\/\/timingsense.com\/wp-content\/uploads\/2018\/05\/tsp_app-screens-compressor.png\u00a0\u00bb bg_color=\u00a0\u00bb#ffffff\u00a0\u00bb bg_position=\u00a0\u00bbcenter bottom\u00a0\u00bb bg_repeat=\u00a0\u00bbno-repeat\u00a0\u00bb video_color_mask=\u00a0\u00bb#ebeef0&Prime; video_opacity=\u00a0\u00bb1&Prime; full_width=\u00a0\u00bbtrue\u00a0\u00bb padding_top=\u00a0\u00bb80&Prime; padding_bottom=\u00a0\u00bb0&Prime; section_id=\u00a0\u00bbsoftwareSectionSencillo\u00a0\u00bb sidebar=\u00a0\u00bbsidebar-1&Prime;][vc_column][vc_row_inner is_fullwidth_content=\u00a0\u00bbfalse\u00a0\u00bb][vc_column_inner][mk_fancy_title color=\u00a0\u00bb#000000&Prime; size=\u00a0\u00bb48&Prime; force_font_size=\u00a0\u00bbtrue\u00a0\u00bb size_smallscreen=\u00a0\u00bb36&Prime; size_tablet=\u00a0\u00bb36&Prime; size_phone=\u00a0\u00bb28&Prime; font_weight=\u00a0\u00bb300&Prime; margin_bottom=\u00a0\u00bb0&Prime; font_family=\u00a0\u00bbOpen+Sans\u00a0\u00bb font_type=\u00a0\u00bbgoogle\u00a0\u00bb align=\u00a0\u00bbcenter\u00a0\u00bb] Une application [&hellip;]<\/p>\n","protected":false},"author":2,"featured_media":0,"parent":0,"menu_order":0,"comment_status":"closed","ping_status":"closed","template":"","meta":[],"acf":[],"yoast_head":"<!-- This site is optimized with the Yoast SEO plugin v19.14 - https:\/\/yoast.com\/wordpress\/plugins\/seo\/ -->\n<title>L&#039;application TSPortable pour Android | timingsense<\/title>\n<meta name=\"description\" content=\"Tout ce dont vous avez besoin pour pr\u00e9parer un point de chronom\u00e9trage tient dans la paume de votre main. L&#039;application TSPortable est simple et intuitive. Pr\u00eat pour les courses difficiles \u00e0 atteindre!\" \/>\n<meta name=\"robots\" content=\"index, follow, max-snippet:-1, max-image-preview:large, max-video-preview:-1\" \/>\n<link rel=\"canonical\" href=\"https:\/\/timingsense.com\/fr\/tsportable-description\/\" \/>\n<meta property=\"og:locale\" content=\"fr_FR\" \/>\n<meta property=\"og:type\" content=\"article\" \/>\n<meta property=\"og:title\" content=\"L&#039;application TSPortable pour Android | timingsense\" \/>\n<meta property=\"og:description\" content=\"Tout ce dont vous avez besoin pour pr\u00e9parer un point de chronom\u00e9trage tient dans la paume de votre main. L&#039;application TSPortable est simple et intuitive. Pr\u00eat pour les courses difficiles \u00e0 atteindre!\" \/>\n<meta property=\"og:url\" content=\"https:\/\/timingsense.com\/fr\/tsportable-description\/\" \/>\n<meta property=\"og:site_name\" content=\"timingsense\" \/>\n<meta property=\"article:publisher\" content=\"https:\/\/www.facebook.com\/timingsense\/\" \/>\n<meta property=\"article:modified_time\" content=\"2022-12-28T16:51:59+00:00\" \/>\n<meta name=\"twitter:card\" content=\"summary_large_image\" \/>\n<meta name=\"twitter:site\" content=\"@timingsense\" \/>\n<meta name=\"twitter:label1\" content=\"Dur\u00e9e de lecture estim\u00e9e\" \/>\n\t<meta name=\"twitter:data1\" content=\"3 minutes\" \/>\n<script type=\"application\/ld+json\" class=\"yoast-schema-graph\">{\"@context\":\"https:\/\/schema.org\",\"@graph\":[{\"@type\":\"WebPage\",\"@id\":\"https:\/\/timingsense.com\/fr\/app-tsportable\/\",\"url\":\"https:\/\/timingsense.com\/fr\/tsportable-description\/\",\"name\":\"L'application TSPortable pour Android | timingsense\",\"isPartOf\":{\"@id\":\"https:\/\/timingsense.com\/fr\/#website\"},\"datePublished\":\"2018-05-25T15:10:28+00:00\",\"dateModified\":\"2022-12-28T16:51:59+00:00\",\"description\":\"Tout ce dont vous avez besoin pour pr\u00e9parer un point de chronom\u00e9trage tient dans la paume de votre main. L'application TSPortable est simple et intuitive. Pr\u00eat pour les courses difficiles \u00e0 atteindre!\",\"breadcrumb\":{\"@id\":\"https:\/\/timingsense.com\/fr\/tsportable-description\/#breadcrumb\"},\"inLanguage\":\"fr-FR\",\"potentialAction\":[{\"@type\":\"ReadAction\",\"target\":[\"https:\/\/timingsense.com\/fr\/tsportable-description\/\"]}]},{\"@type\":\"BreadcrumbList\",\"@id\":\"https:\/\/timingsense.com\/fr\/tsportable-description\/#breadcrumb\",\"itemListElement\":[{\"@type\":\"ListItem\",\"position\":1,\"name\":\"Home\",\"item\":\"https:\/\/timingsense.com\/fr\/\"},{\"@type\":\"ListItem\",\"position\":2,\"name\":\"App\"}]},{\"@type\":\"WebSite\",\"@id\":\"https:\/\/timingsense.com\/fr\/#website\",\"url\":\"https:\/\/timingsense.com\/fr\/\",\"name\":\"timingsense\",\"description\":\"Tecnolog\u00eda de cronometraje\",\"potentialAction\":[{\"@type\":\"SearchAction\",\"target\":{\"@type\":\"EntryPoint\",\"urlTemplate\":\"https:\/\/timingsense.com\/fr\/?s={search_term_string}\"},\"query-input\":\"required name=search_term_string\"}],\"inLanguage\":\"fr-FR\"}]}<\/script>\n<!-- \/ Yoast SEO plugin. -->","yoast_head_json":{"title":"L'application TSPortable pour Android | timingsense","description":"Tout ce dont vous avez besoin pour pr\u00e9parer un point de chronom\u00e9trage tient dans la paume de votre main. L'application TSPortable est simple et intuitive. Pr\u00eat pour les courses difficiles \u00e0 atteindre!","robots":{"index":"index","follow":"follow","max-snippet":"max-snippet:-1","max-image-preview":"max-image-preview:large","max-video-preview":"max-video-preview:-1"},"canonical":"https:\/\/timingsense.com\/fr\/tsportable-description\/","og_locale":"fr_FR","og_type":"article","og_title":"L'application TSPortable pour Android | timingsense","og_description":"Tout ce dont vous avez besoin pour pr\u00e9parer un point de chronom\u00e9trage tient dans la paume de votre main. L'application TSPortable est simple et intuitive. Pr\u00eat pour les courses difficiles \u00e0 atteindre!","og_url":"https:\/\/timingsense.com\/fr\/tsportable-description\/","og_site_name":"timingsense","article_publisher":"https:\/\/www.facebook.com\/timingsense\/","article_modified_time":"2022-12-28T16:51:59+00:00","twitter_card":"summary_large_image","twitter_site":"@timingsense","twitter_misc":{"Dur\u00e9e de lecture estim\u00e9e":"3 minutes"},"schema":{"@context":"https:\/\/schema.org","@graph":[{"@type":"WebPage","@id":"https:\/\/timingsense.com\/fr\/app-tsportable\/","url":"https:\/\/timingsense.com\/fr\/tsportable-description\/","name":"L'application TSPortable pour Android | timingsense","isPartOf":{"@id":"https:\/\/timingsense.com\/fr\/#website"},"datePublished":"2018-05-25T15:10:28+00:00","dateModified":"2022-12-28T16:51:59+00:00","description":"Tout ce dont vous avez besoin pour pr\u00e9parer un point de chronom\u00e9trage tient dans la paume de votre main. L'application TSPortable est simple et intuitive. Pr\u00eat pour les courses difficiles \u00e0 atteindre!","breadcrumb":{"@id":"https:\/\/timingsense.com\/fr\/tsportable-description\/#breadcrumb"},"inLanguage":"fr-FR","potentialAction":[{"@type":"ReadAction","target":["https:\/\/timingsense.com\/fr\/tsportable-description\/"]}]},{"@type":"BreadcrumbList","@id":"https:\/\/timingsense.com\/fr\/tsportable-description\/#breadcrumb","itemListElement":[{"@type":"ListItem","position":1,"name":"Home","item":"https:\/\/timingsense.com\/fr\/"},{"@type":"ListItem","position":2,"name":"App"}]},{"@type":"WebSite","@id":"https:\/\/timingsense.com\/fr\/#website","url":"https:\/\/timingsense.com\/fr\/","name":"timingsense","description":"Tecnolog\u00eda de cronometraje","potentialAction":[{"@type":"SearchAction","target":{"@type":"EntryPoint","urlTemplate":"https:\/\/timingsense.com\/fr\/?s={search_term_string}"},"query-input":"required name=search_term_string"}],"inLanguage":"fr-FR"}]}},"_links":{"self":[{"href":"https:\/\/timingsense.com\/fr\/wp-json\/wp\/v2\/pages\/9690"}],"collection":[{"href":"https:\/\/timingsense.com\/fr\/wp-json\/wp\/v2\/pages"}],"about":[{"href":"https:\/\/timingsense.com\/fr\/wp-json\/wp\/v2\/types\/page"}],"author":[{"embeddable":true,"href":"https:\/\/timingsense.com\/fr\/wp-json\/wp\/v2\/users\/2"}],"replies":[{"embeddable":true,"href":"https:\/\/timingsense.com\/fr\/wp-json\/wp\/v2\/comments?post=9690"}],"version-history":[{"count":11,"href":"https:\/\/timingsense.com\/fr\/wp-json\/wp\/v2\/pages\/9690\/revisions"}],"predecessor-version":[{"id":45259,"href":"https:\/\/timingsense.com\/fr\/wp-json\/wp\/v2\/pages\/9690\/revisions\/45259"}],"wp:attachment":[{"href":"https:\/\/timingsense.com\/fr\/wp-json\/wp\/v2\/media?parent=9690"}],"curies":[{"name":"wp","href":"https:\/\/api.w.org\/{rel}","templated":true}]}}