{"id":8312,"date":"2018-05-18T10:18:57","date_gmt":"2018-05-18T10:18:57","guid":{"rendered":"https:\/\/timingsense.com\/noticias\/"},"modified":"2018-05-23T09:17:46","modified_gmt":"2018-05-23T09:17:46","slug":"nouvelles","status":"publish","type":"page","link":"https:\/\/timingsense.com\/fr\/nouvelles\/","title":{"rendered":"Nouvelles"},"content":{"rendered":"[mk_page_section][vc_column][mk_fancy_title tag_name=\u00a0\u00bbh1&Prime; color=\u00a0\u00bb#0a0a0a\u00a0\u00bb size=\u00a0\u00bb20&Prime; font_weight=\u00a0\u00bb300&Prime; margin_bottom=\u00a0\u00bb0&Prime; font_family=\u00a0\u00bbOpen+Sans\u00a0\u00bb font_type=\u00a0\u00bbgoogle\u00a0\u00bb responsive_align=\u00a0\u00bbright\u00a0\u00bb]Nouvelles[\/mk_fancy_title][\/vc_column][\/mk_page_section][vc_row][vc_column][mk_blog style=\u00a0\u00bbgrid\u00a0\u00bb transparent_border=\u00a0\u00bbtrue\u00a0\u00bb cat=\u00a0\u00bb160&Prime;][\/vc_column][\/vc_row]\n","protected":false},"excerpt":{"rendered":"<p>[mk_page_section][vc_column][mk_fancy_title tag_name=\u00a0\u00bbh1&Prime; color=\u00a0\u00bb#0a0a0a\u00a0\u00bb size=\u00a0\u00bb20&Prime; font_weight=\u00a0\u00bb300&Prime; margin_bottom=\u00a0\u00bb0&Prime; font_family=\u00a0\u00bbOpen+Sans\u00a0\u00bb font_type=\u00a0\u00bbgoogle\u00a0\u00bb responsive_align=\u00a0\u00bbright\u00a0\u00bb]Nouvelles[\/mk_fancy_title][\/vc_column][\/mk_page_section][vc_row][vc_column][mk_blog style=\u00a0\u00bbgrid\u00a0\u00bb transparent_border=\u00a0\u00bbtrue\u00a0\u00bb cat=\u00a0\u00bb160&Prime;][\/vc_column][\/vc_row]<\/p>\n","protected":false},"author":1,"featured_media":0,"parent":0,"menu_order":0,"comment_status":"closed","ping_status":"closed","template":"","meta":[],"acf":[],"yoast_head":"<!-- This site is optimized with the Yoast SEO plugin v19.14 - https:\/\/yoast.com\/wordpress\/plugins\/seo\/ -->\n<title>Derni\u00e8res nouvelles \u00e0 timingsense<\/title>\n<meta name=\"description\" content=\"Ne manquez pas les derni\u00e8res nouvelles sur notre entreprise. Dans cette section, nous parlons des derni\u00e8res courses que nous avons chronom\u00e9tr\u00e9es, de notre ouverture dans de nouveaux pays et bien plus encore.\" \/>\n<meta name=\"robots\" content=\"index, follow, max-snippet:-1, max-image-preview:large, max-video-preview:-1\" \/>\n<link rel=\"canonical\" href=\"https:\/\/timingsense.com\/fr\/nouvelles\/\" \/>\n<meta property=\"og:locale\" content=\"fr_FR\" \/>\n<meta property=\"og:type\" content=\"article\" \/>\n<meta property=\"og:title\" content=\"Derni\u00e8res nouvelles \u00e0 timingsense\" \/>\n<meta property=\"og:description\" content=\"Ne manquez pas les derni\u00e8res nouvelles sur notre entreprise. Dans cette section, nous parlons des derni\u00e8res courses que nous avons chronom\u00e9tr\u00e9es, de notre ouverture dans de nouveaux pays et bien plus encore.\" \/>\n<meta property=\"og:url\" content=\"https:\/\/timingsense.com\/fr\/nouvelles\/\" \/>\n<meta property=\"og:site_name\" content=\"timingsense\" \/>\n<meta property=\"article:publisher\" content=\"https:\/\/www.facebook.com\/timingsense\/\" \/>\n<meta property=\"article:modified_time\" content=\"2018-05-23T09:17:46+00:00\" \/>\n<meta name=\"twitter:card\" content=\"summary_large_image\" \/>\n<meta name=\"twitter:site\" content=\"@timingsense\" \/>\n<script type=\"application\/ld+json\" class=\"yoast-schema-graph\">{\"@context\":\"https:\/\/schema.org\",\"@graph\":[{\"@type\":\"WebPage\",\"@id\":\"https:\/\/timingsense.com\/fr\/nouvelles\/\",\"url\":\"https:\/\/timingsense.com\/fr\/nouvelles\/\",\"name\":\"Derni\u00e8res nouvelles \u00e0 timingsense\",\"isPartOf\":{\"@id\":\"https:\/\/timingsense.com\/fr\/#website\"},\"datePublished\":\"2018-05-18T10:18:57+00:00\",\"dateModified\":\"2018-05-23T09:17:46+00:00\",\"description\":\"Ne manquez pas les derni\u00e8res nouvelles sur notre entreprise. Dans cette section, nous parlons des derni\u00e8res courses que nous avons chronom\u00e9tr\u00e9es, de notre ouverture dans de nouveaux pays et bien plus encore.\",\"breadcrumb\":{\"@id\":\"https:\/\/timingsense.com\/fr\/nouvelles\/#breadcrumb\"},\"inLanguage\":\"fr-FR\",\"potentialAction\":[{\"@type\":\"ReadAction\",\"target\":[\"https:\/\/timingsense.com\/fr\/nouvelles\/\"]}]},{\"@type\":\"BreadcrumbList\",\"@id\":\"https:\/\/timingsense.com\/fr\/nouvelles\/#breadcrumb\",\"itemListElement\":[{\"@type\":\"ListItem\",\"position\":1,\"name\":\"Home\",\"item\":\"https:\/\/timingsense.com\/fr\/\"},{\"@type\":\"ListItem\",\"position\":2,\"name\":\"Nouvelles\"}]},{\"@type\":\"WebSite\",\"@id\":\"https:\/\/timingsense.com\/fr\/#website\",\"url\":\"https:\/\/timingsense.com\/fr\/\",\"name\":\"timingsense\",\"description\":\"Tecnolog\u00eda de cronometraje\",\"potentialAction\":[{\"@type\":\"SearchAction\",\"target\":{\"@type\":\"EntryPoint\",\"urlTemplate\":\"https:\/\/timingsense.com\/fr\/?s={search_term_string}\"},\"query-input\":\"required name=search_term_string\"}],\"inLanguage\":\"fr-FR\"}]}<\/script>\n<!-- \/ Yoast SEO plugin. -->","yoast_head_json":{"title":"Derni\u00e8res nouvelles \u00e0 timingsense","description":"Ne manquez pas les derni\u00e8res nouvelles sur notre entreprise. Dans cette section, nous parlons des derni\u00e8res courses que nous avons chronom\u00e9tr\u00e9es, de notre ouverture dans de nouveaux pays et bien plus encore.","robots":{"index":"index","follow":"follow","max-snippet":"max-snippet:-1","max-image-preview":"max-image-preview:large","max-video-preview":"max-video-preview:-1"},"canonical":"https:\/\/timingsense.com\/fr\/nouvelles\/","og_locale":"fr_FR","og_type":"article","og_title":"Derni\u00e8res nouvelles \u00e0 timingsense","og_description":"Ne manquez pas les derni\u00e8res nouvelles sur notre entreprise. Dans cette section, nous parlons des derni\u00e8res courses que nous avons chronom\u00e9tr\u00e9es, de notre ouverture dans de nouveaux pays et bien plus encore.","og_url":"https:\/\/timingsense.com\/fr\/nouvelles\/","og_site_name":"timingsense","article_publisher":"https:\/\/www.facebook.com\/timingsense\/","article_modified_time":"2018-05-23T09:17:46+00:00","twitter_card":"summary_large_image","twitter_site":"@timingsense","schema":{"@context":"https:\/\/schema.org","@graph":[{"@type":"WebPage","@id":"https:\/\/timingsense.com\/fr\/nouvelles\/","url":"https:\/\/timingsense.com\/fr\/nouvelles\/","name":"Derni\u00e8res nouvelles \u00e0 timingsense","isPartOf":{"@id":"https:\/\/timingsense.com\/fr\/#website"},"datePublished":"2018-05-18T10:18:57+00:00","dateModified":"2018-05-23T09:17:46+00:00","description":"Ne manquez pas les derni\u00e8res nouvelles sur notre entreprise. Dans cette section, nous parlons des derni\u00e8res courses que nous avons chronom\u00e9tr\u00e9es, de notre ouverture dans de nouveaux pays et bien plus encore.","breadcrumb":{"@id":"https:\/\/timingsense.com\/fr\/nouvelles\/#breadcrumb"},"inLanguage":"fr-FR","potentialAction":[{"@type":"ReadAction","target":["https:\/\/timingsense.com\/fr\/nouvelles\/"]}]},{"@type":"BreadcrumbList","@id":"https:\/\/timingsense.com\/fr\/nouvelles\/#breadcrumb","itemListElement":[{"@type":"ListItem","position":1,"name":"Home","item":"https:\/\/timingsense.com\/fr\/"},{"@type":"ListItem","position":2,"name":"Nouvelles"}]},{"@type":"WebSite","@id":"https:\/\/timingsense.com\/fr\/#website","url":"https:\/\/timingsense.com\/fr\/","name":"timingsense","description":"Tecnolog\u00eda de cronometraje","potentialAction":[{"@type":"SearchAction","target":{"@type":"EntryPoint","urlTemplate":"https:\/\/timingsense.com\/fr\/?s={search_term_string}"},"query-input":"required name=search_term_string"}],"inLanguage":"fr-FR"}]}},"_links":{"self":[{"href":"https:\/\/timingsense.com\/fr\/wp-json\/wp\/v2\/pages\/8312"}],"collection":[{"href":"https:\/\/timingsense.com\/fr\/wp-json\/wp\/v2\/pages"}],"about":[{"href":"https:\/\/timingsense.com\/fr\/wp-json\/wp\/v2\/types\/page"}],"author":[{"embeddable":true,"href":"https:\/\/timingsense.com\/fr\/wp-json\/wp\/v2\/users\/1"}],"replies":[{"embeddable":true,"href":"https:\/\/timingsense.com\/fr\/wp-json\/wp\/v2\/comments?post=8312"}],"version-history":[{"count":2,"href":"https:\/\/timingsense.com\/fr\/wp-json\/wp\/v2\/pages\/8312\/revisions"}],"predecessor-version":[{"id":8321,"href":"https:\/\/timingsense.com\/fr\/wp-json\/wp\/v2\/pages\/8312\/revisions\/8321"}],"wp:attachment":[{"href":"https:\/\/timingsense.com\/fr\/wp-json\/wp\/v2\/media?parent=8312"}],"curies":[{"name":"wp","href":"https:\/\/api.w.org\/{rel}","templated":true}]}}