{"id":6749,"date":"2018-05-08T16:47:32","date_gmt":"2018-05-08T16:47:32","guid":{"rendered":"https:\/\/timingsense.com\/contacto\/"},"modified":"2023-04-19T11:37:11","modified_gmt":"2023-04-19T11:37:11","slug":"contact","status":"publish","type":"page","link":"https:\/\/timingsense.com\/fr\/contact\/","title":{"rendered":"Contact"},"content":{"rendered":"[mk_page_section bg_color=\u00a0\u00bb#0012a1&Prime; bg_position=\u00a0\u00bbcenter top\u00a0\u00bb bg_repeat=\u00a0\u00bbno-repeat\u00a0\u00bb bg_stretch=\u00a0\u00bbtrue\u00a0\u00bb video_color_mask=\u00a0\u00bb#0000a1&Prime; video_opacity=\u00a0\u00bb0&Prime; padding_top=\u00a0\u00bb100&Prime; padding_bottom=\u00a0\u00bb0&Prime; sidebar=\u00a0\u00bbsidebar-1&Prime;][vc_column][vc_row_inner][vc_column_inner width=\u00a0\u00bb1\/2&Prime;][mk_fancy_title tag_name=\u00a0\u00bbspan\u00a0\u00bb color=\u00a0\u00bb#ffffff\u00a0\u00bb size=\u00a0\u00bb30&Prime; force_font_size=\u00a0\u00bbtrue\u00a0\u00bb size_smallscreen=\u00a0\u00bb30&Prime; size_tablet=\u00a0\u00bb26&Prime; size_phone=\u00a0\u00bb22&Prime; font_weight=\u00a0\u00bb300&Prime; margin_bottom=\u00a0\u00bb30&Prime; font_family=\u00a0\u00bbOpen+Sans\u00a0\u00bb font_type=\u00a0\u00bbgoogle\u00a0\u00bb]\n<p class=\"p1\">Nous contacter<\/p>\n[\/mk_fancy_title][vc_column_text el_class=\u00a0\u00bbtxtWhite txtResponsiveCenter\u00a0\u00bb css=\u00a0\u00bb.vc_custom_1680677735377{margin-bottom: 0px !important;}\u00a0\u00bb]\n<p class=\"p1\"><strong>Si vous \u00eates d\u00e9j\u00e0 client, envoyez-nous un courriel \u00e0 service@timingsense.com. Nous r\u00e9pondrons \u00e0 votre demande en moins de 24 heures.<\/strong><\/p>\n<p>Si vous n&rsquo;\u00eates pas encore client, veuillez remplir le formulaire et notre \u00e9quipe de vente vous contactera.[\/vc_column_text][vc_empty_space][vc_column_text el_class=\u00a0\u00bbtxtWhite\u00a0\u00bb css=\u00a0\u00bb.vc_custom_1681903908592{margin-bottom: 0px !important;}\u00a0\u00bb]<strong>Assistance \u00e0 la course <\/strong>(Disponible uniquement le week-end)<strong> :<\/strong><\/p>\n<p>Par t\u00e9l\u00e9phone:\u00a0 \u00a0\ud83d\udcde \u00a0<a href=\"tel:+34665690281\">Appelez-nous au +34 665 690 281<\/a><br \/>\no<br \/>\nPar Whatsapp:\u00a0 \u00a0 <img decoding=\"async\" style=\"width: 32px; height: 32px;\" src=\"https:\/\/timingsense.com\/wp-content\/uploads\/2023\/04\/whatsapp.webp\" alt=\"Enviar mensaje de WhatsApp\" \/> <a href=\"https:\/\/wa.me\/34665690281\" target=\"_blank\" rel=\"noopener\">Envoyer un message<\/a>[\/vc_column_text][vc_empty_space height=\u00a0\u00bb40px\u00a0\u00bb][\/vc_column_inner][vc_column_inner width=\u00a0\u00bb1\/2&Prime;][vc_raw_html]JTNDc2NyaXB0JTIwdHlwZSUzRCUyMnRleHQlMkZqYXZhc2NyaXB0JTIyJTIwc3JjJTNEJTIyaHR0cHMlM0ElMkYlMkZhcGkuY2xpZW50aWZ5Lm5ldCUyRndlYi1tYXJrZXRpbmclMkZzdXBlcmZvcm1zJTJGc2NyaXB0JTJGMTA3MTAzLmpzJTIyJTNFJTNDJTJGc2NyaXB0JTNF[\/vc_raw_html][\/vc_column_inner][\/vc_row_inner][\/vc_column][\/mk_page_section]\n","protected":false},"excerpt":{"rendered":"<p>[mk_page_section bg_color=\u00a0\u00bb#0012a1&Prime; bg_position=\u00a0\u00bbcenter top\u00a0\u00bb bg_repeat=\u00a0\u00bbno-repeat\u00a0\u00bb bg_stretch=\u00a0\u00bbtrue\u00a0\u00bb video_color_mask=\u00a0\u00bb#0000a1&Prime; video_opacity=\u00a0\u00bb0&Prime; padding_top=\u00a0\u00bb100&Prime; padding_bottom=\u00a0\u00bb0&Prime; sidebar=\u00a0\u00bbsidebar-1&Prime;][vc_column][vc_row_inner][vc_column_inner width=\u00a0\u00bb1\/2&Prime;][mk_fancy_title tag_name=\u00a0\u00bbspan\u00a0\u00bb color=\u00a0\u00bb#ffffff\u00a0\u00bb size=\u00a0\u00bb30&Prime; force_font_size=\u00a0\u00bbtrue\u00a0\u00bb size_smallscreen=\u00a0\u00bb30&Prime; size_tablet=\u00a0\u00bb26&Prime; size_phone=\u00a0\u00bb22&Prime; font_weight=\u00a0\u00bb300&Prime; margin_bottom=\u00a0\u00bb30&Prime; font_family=\u00a0\u00bbOpen+Sans\u00a0\u00bb font_type=\u00a0\u00bbgoogle\u00a0\u00bb] Nous contacter [\/mk_fancy_title][vc_column_text el_class=\u00a0\u00bbtxtWhite txtResponsiveCenter\u00a0\u00bb css=\u00a0\u00bb.vc_custom_1680677735377{margin-bottom: 0px !important;}\u00a0\u00bb] Si vous \u00eates d\u00e9j\u00e0 client, envoyez-nous un courriel \u00e0 service@timingsense.com. Nous r\u00e9pondrons \u00e0 votre demande en moins de 24 heures. Si vous n&rsquo;\u00eates pas [&hellip;]<\/p>\n","protected":false},"author":1,"featured_media":0,"parent":0,"menu_order":0,"comment_status":"closed","ping_status":"closed","template":"","meta":[],"acf":[],"yoast_head":"<!-- This site is optimized with the Yoast SEO plugin v19.14 - https:\/\/yoast.com\/wordpress\/plugins\/seo\/ -->\n<title>Contactez nous pour plus d&#039;information | timingsense<\/title>\n<meta name=\"description\" content=\"Si vous voulez plus d&#039;informations sur notre syst\u00e8me de chronom\u00e9trage ou tout autre produit, contactez-nous! Nous serons heureux de vous aider.\" \/>\n<meta name=\"robots\" content=\"index, follow, max-snippet:-1, max-image-preview:large, max-video-preview:-1\" \/>\n<link rel=\"canonical\" href=\"https:\/\/timingsense.com\/fr\/contact\/\" \/>\n<meta property=\"og:locale\" content=\"fr_FR\" \/>\n<meta property=\"og:type\" content=\"article\" \/>\n<meta property=\"og:title\" content=\"Contactez nous pour plus d&#039;information | timingsense\" \/>\n<meta property=\"og:description\" content=\"Si vous voulez plus d&#039;informations sur notre syst\u00e8me de chronom\u00e9trage ou tout autre produit, contactez-nous! Nous serons heureux de vous aider.\" \/>\n<meta property=\"og:url\" content=\"https:\/\/timingsense.com\/fr\/contact\/\" \/>\n<meta property=\"og:site_name\" content=\"timingsense\" \/>\n<meta property=\"article:publisher\" content=\"https:\/\/www.facebook.com\/timingsense\/\" \/>\n<meta property=\"article:modified_time\" content=\"2023-04-19T11:37:11+00:00\" \/>\n<meta property=\"og:image\" content=\"https:\/\/timingsense.com\/wp-content\/uploads\/2023\/04\/whatsapp.webp\" \/>\n<meta name=\"twitter:card\" content=\"summary_large_image\" \/>\n<meta name=\"twitter:site\" content=\"@timingsense\" \/>\n<meta name=\"twitter:label1\" content=\"Dur\u00e9e de lecture estim\u00e9e\" \/>\n\t<meta name=\"twitter:data1\" content=\"1 minute\" \/>\n<script type=\"application\/ld+json\" class=\"yoast-schema-graph\">{\"@context\":\"https:\/\/schema.org\",\"@graph\":[{\"@type\":\"WebPage\",\"@id\":\"https:\/\/timingsense.com\/fr\/contact\/\",\"url\":\"https:\/\/timingsense.com\/fr\/contact\/\",\"name\":\"Contactez nous pour plus d'information | timingsense\",\"isPartOf\":{\"@id\":\"https:\/\/timingsense.com\/fr\/#website\"},\"datePublished\":\"2018-05-08T16:47:32+00:00\",\"dateModified\":\"2023-04-19T11:37:11+00:00\",\"description\":\"Si vous voulez plus d'informations sur notre syst\u00e8me de chronom\u00e9trage ou tout autre produit, contactez-nous! Nous serons heureux de vous aider.\",\"breadcrumb\":{\"@id\":\"https:\/\/timingsense.com\/fr\/contact\/#breadcrumb\"},\"inLanguage\":\"fr-FR\",\"potentialAction\":[{\"@type\":\"ReadAction\",\"target\":[\"https:\/\/timingsense.com\/fr\/contact\/\"]}]},{\"@type\":\"BreadcrumbList\",\"@id\":\"https:\/\/timingsense.com\/fr\/contact\/#breadcrumb\",\"itemListElement\":[{\"@type\":\"ListItem\",\"position\":1,\"name\":\"Home\",\"item\":\"https:\/\/timingsense.com\/fr\/\"},{\"@type\":\"ListItem\",\"position\":2,\"name\":\"Contact\"}]},{\"@type\":\"WebSite\",\"@id\":\"https:\/\/timingsense.com\/fr\/#website\",\"url\":\"https:\/\/timingsense.com\/fr\/\",\"name\":\"timingsense\",\"description\":\"Tecnolog\u00eda de cronometraje\",\"potentialAction\":[{\"@type\":\"SearchAction\",\"target\":{\"@type\":\"EntryPoint\",\"urlTemplate\":\"https:\/\/timingsense.com\/fr\/?s={search_term_string}\"},\"query-input\":\"required name=search_term_string\"}],\"inLanguage\":\"fr-FR\"}]}<\/script>\n<!-- \/ Yoast SEO plugin. -->","yoast_head_json":{"title":"Contactez nous pour plus d'information | timingsense","description":"Si vous voulez plus d'informations sur notre syst\u00e8me de chronom\u00e9trage ou tout autre produit, contactez-nous! Nous serons heureux de vous aider.","robots":{"index":"index","follow":"follow","max-snippet":"max-snippet:-1","max-image-preview":"max-image-preview:large","max-video-preview":"max-video-preview:-1"},"canonical":"https:\/\/timingsense.com\/fr\/contact\/","og_locale":"fr_FR","og_type":"article","og_title":"Contactez nous pour plus d'information | timingsense","og_description":"Si vous voulez plus d'informations sur notre syst\u00e8me de chronom\u00e9trage ou tout autre produit, contactez-nous! Nous serons heureux de vous aider.","og_url":"https:\/\/timingsense.com\/fr\/contact\/","og_site_name":"timingsense","article_publisher":"https:\/\/www.facebook.com\/timingsense\/","article_modified_time":"2023-04-19T11:37:11+00:00","og_image":[{"url":"https:\/\/timingsense.com\/wp-content\/uploads\/2023\/04\/whatsapp.webp"}],"twitter_card":"summary_large_image","twitter_site":"@timingsense","twitter_misc":{"Dur\u00e9e de lecture estim\u00e9e":"1 minute"},"schema":{"@context":"https:\/\/schema.org","@graph":[{"@type":"WebPage","@id":"https:\/\/timingsense.com\/fr\/contact\/","url":"https:\/\/timingsense.com\/fr\/contact\/","name":"Contactez nous pour plus d'information | timingsense","isPartOf":{"@id":"https:\/\/timingsense.com\/fr\/#website"},"datePublished":"2018-05-08T16:47:32+00:00","dateModified":"2023-04-19T11:37:11+00:00","description":"Si vous voulez plus d'informations sur notre syst\u00e8me de chronom\u00e9trage ou tout autre produit, contactez-nous! Nous serons heureux de vous aider.","breadcrumb":{"@id":"https:\/\/timingsense.com\/fr\/contact\/#breadcrumb"},"inLanguage":"fr-FR","potentialAction":[{"@type":"ReadAction","target":["https:\/\/timingsense.com\/fr\/contact\/"]}]},{"@type":"BreadcrumbList","@id":"https:\/\/timingsense.com\/fr\/contact\/#breadcrumb","itemListElement":[{"@type":"ListItem","position":1,"name":"Home","item":"https:\/\/timingsense.com\/fr\/"},{"@type":"ListItem","position":2,"name":"Contact"}]},{"@type":"WebSite","@id":"https:\/\/timingsense.com\/fr\/#website","url":"https:\/\/timingsense.com\/fr\/","name":"timingsense","description":"Tecnolog\u00eda de cronometraje","potentialAction":[{"@type":"SearchAction","target":{"@type":"EntryPoint","urlTemplate":"https:\/\/timingsense.com\/fr\/?s={search_term_string}"},"query-input":"required name=search_term_string"}],"inLanguage":"fr-FR"}]}},"_links":{"self":[{"href":"https:\/\/timingsense.com\/fr\/wp-json\/wp\/v2\/pages\/6749"}],"collection":[{"href":"https:\/\/timingsense.com\/fr\/wp-json\/wp\/v2\/pages"}],"about":[{"href":"https:\/\/timingsense.com\/fr\/wp-json\/wp\/v2\/types\/page"}],"author":[{"embeddable":true,"href":"https:\/\/timingsense.com\/fr\/wp-json\/wp\/v2\/users\/1"}],"replies":[{"embeddable":true,"href":"https:\/\/timingsense.com\/fr\/wp-json\/wp\/v2\/comments?post=6749"}],"version-history":[{"count":20,"href":"https:\/\/timingsense.com\/fr\/wp-json\/wp\/v2\/pages\/6749\/revisions"}],"predecessor-version":[{"id":46132,"href":"https:\/\/timingsense.com\/fr\/wp-json\/wp\/v2\/pages\/6749\/revisions\/46132"}],"wp:attachment":[{"href":"https:\/\/timingsense.com\/fr\/wp-json\/wp\/v2\/media?parent=6749"}],"curies":[{"name":"wp","href":"https:\/\/api.w.org\/{rel}","templated":true}]}}