{"id":36312,"date":"2021-04-15T11:26:24","date_gmt":"2021-04-15T11:26:24","guid":{"rendered":"https:\/\/timingsense.com\/?page_id=36312"},"modified":"2022-12-28T16:13:25","modified_gmt":"2022-12-28T16:13:25","slug":"systemes-chronometrage-passif","status":"publish","type":"page","link":"https:\/\/timingsense.com\/fr\/systemes-chronometrage-passif\/","title":{"rendered":"Dispositifs de chronom\u00e9trage passif"},"content":{"rendered":"[mk_page_section bg_image=\u00a0\u00bbhttps:\/\/timingsense.com\/wp-content\/uploads\/2019\/05\/matriz-compressor.png\u00a0\u00bb bg_repeat=\u00a0\u00bbno-repeat\u00a0\u00bb min_height=\u00a0\u00bb0&Prime; padding_top=\u00a0\u00bb80&Prime; padding_bottom=\u00a0\u00bb150&Prime; sidebar=\u00a0\u00bbsidebar-1&Prime;][vc_column width=\u00a0\u00bb1\/12&Prime;][\/vc_column][vc_column width=\u00a0\u00bb5\/6&Prime;][mk_fancy_title color=\u00a0\u00bb#000000&Prime; size=\u00a0\u00bb48&Prime; force_font_size=\u00a0\u00bbtrue\u00a0\u00bb size_smallscreen=\u00a0\u00bb36&Prime; size_tablet=\u00a0\u00bb36&Prime; size_phone=\u00a0\u00bb28&Prime; font_weight=\u00a0\u00bb300&Prime; margin_bottom=\u00a0\u00bb2&Prime; font_family=\u00a0\u00bbOpen+Sans\u00a0\u00bb font_type=\u00a0\u00bbgoogle\u00a0\u00bb align=\u00a0\u00bbcenter\u00a0\u00bb]Syst\u00e8mes de chronom\u00e9trage passif[\/mk_fancy_title][vc_column_text align=\u00a0\u00bbcenter\u00a0\u00bb margin_bottom=\u00a0\u00bb50&Prime; el_class=\u00a0\u00bbtxtSubtitle\u00a0\u00bb css=\u00a0\u00bb.vc_custom_1618484975535{margin-bottom: 0px !important;}\u00a0\u00bb]Ce sont les syst\u00e8mes de chronom\u00e9trage les plus utilis\u00e9s. Ils sont utilis\u00e9s pour chronom\u00e9trer tout type de discipline sportive : course \u00e0 pied, cyclisme, obstacles, triathlons, VTT&#8230; combin\u00e9s aux diff\u00e9rents types de puces, vous pouvez chronom\u00e9trer n&rsquo;importe quelle comp\u00e9tition.[\/vc_column_text][vc_row_inner][vc_column_inner width=\u00a0\u00bb1\/3&Prime; css=\u00a0\u00bb.vc_custom_1558609331455{padding-right: 10px !important;padding-left: 10px !important;}\u00a0\u00bb][mk_custom_box padding_vertical=\u00a0\u00bb0&Prime; padding_horizental=\u00a0\u00bb10&Prime; margin_bottom=\u00a0\u00bb40&Prime; el_class=\u00a0\u00bbbtnSectionSoluciones btnSection-cent\u00a0\u00bb][mk_padding_divider size=\u00a0\u00bb30&Prime;][mk_image src=\u00a0\u00bbhttps:\/\/timingsense.com\/wp-content\/uploads\/2021\/04\/ts2-gradient-126&#215;80-1.png\u00a0\u00bb image_size=\u00a0\u00bbfull\u00a0\u00bb align=\u00a0\u00bbcenter\u00a0\u00bb margin_bottom=\u00a0\u00bb30&Prime;][mk_fancy_title color=\u00a0\u00bb#000000&Prime; size=\u00a0\u00bb20&Prime; font_weight=\u00a0\u00bb300&Prime; margin_bottom=\u00a0\u00bb3&Prime; font_family=\u00a0\u00bbOpen+Sans\u00a0\u00bb font_type=\u00a0\u00bbgoogle\u00a0\u00bb align=\u00a0\u00bbcenter\u00a0\u00bb]TS2[\/mk_fancy_title][vc_column_text align=\u00a0\u00bbcenter\u00a0\u00bb el_class=\u00a0\u00bbDescriptionSectionSoluciones\u00a0\u00bb css=\u00a0\u00bb.vc_custom_1618485311112{margin-bottom: 0px !important;}\u00a0\u00bb]Le lecteur UHF stable et facile \u00e0 utiliser. Pr\u00eat pour n&rsquo;importe quelle course que vous voulez chronom\u00e9trer.[\/vc_column_text][mk_button dimension=\u00a0\u00bboutline\u00a0\u00bb corner_style=\u00a0\u00bbfull_rounded\u00a0\u00bb size=\u00a0\u00bbmedium\u00a0\u00bb url=\u00a0\u00bbhttps:\/\/timingsense.com\/fr\/systeme-de-chronometrage-ts2\/?internal_campaign=FRsyspasivos_button\u00a0\u00bb align=\u00a0\u00bbcenter\u00a0\u00bb margin_bottom=\u00a0\u00bb20&Prime; margin_right=\u00a0\u00bb0&Prime; el_class=\u00a0\u00bbbtnCTAOutline btnSecondary btnDoubleLine\u00a0\u00bb outline_skin=\u00a0\u00bbcustom\u00a0\u00bb outline_active_text_color=\u00a0\u00bb#1d67ff\u00a0\u00bb outline_hover_bg_color=\u00a0\u00bb#1d67ff\u00a0\u00bb outline_hover_color=\u00a0\u00bb#ffffff\u00a0\u00bb]LIRE PLUS[\/mk_button][\/mk_custom_box][\/vc_column_inner][vc_column_inner width=\u00a0\u00bb1\/3&Prime; css=\u00a0\u00bb.vc_custom_1558609357877{padding-right: 10px !important;padding-left: 10px !important;}\u00a0\u00bb][mk_custom_box padding_vertical=\u00a0\u00bb0&Prime; padding_horizental=\u00a0\u00bb10&Prime; margin_bottom=\u00a0\u00bb40&Prime; el_class=\u00a0\u00bbbtnSectionSoluciones btnSection-cent\u00a0\u00bb][mk_padding_divider size=\u00a0\u00bb30&Prime;][mk_image src=\u00a0\u00bbhttps:\/\/timingsense.com\/wp-content\/uploads\/2021\/04\/tsportable-gradient-104&#215;80-1.png\u00a0\u00bb image_size=\u00a0\u00bbfull\u00a0\u00bb align=\u00a0\u00bbcenter\u00a0\u00bb margin_bottom=\u00a0\u00bb30&Prime;][mk_fancy_title color=\u00a0\u00bb#000000&Prime; size=\u00a0\u00bb20&Prime; font_weight=\u00a0\u00bb300&Prime; margin_bottom=\u00a0\u00bb3&Prime; font_family=\u00a0\u00bbOpen+Sans\u00a0\u00bb font_type=\u00a0\u00bbgoogle\u00a0\u00bb align=\u00a0\u00bbcenter\u00a0\u00bb]TSPortable[\/mk_fancy_title][vc_column_text align=\u00a0\u00bbcenter\u00a0\u00bb el_class=\u00a0\u00bbDescriptionSectionSoluciones\u00a0\u00bb css=\u00a0\u00bb.vc_custom_1618485735343{margin-bottom: 0px !important;}\u00a0\u00bb]Le plus petit et le plus l\u00e9ger. Parfait pour les courses avec les endroits les plus audacieux.[\/vc_column_text][mk_button dimension=\u00a0\u00bboutline\u00a0\u00bb corner_style=\u00a0\u00bbfull_rounded\u00a0\u00bb size=\u00a0\u00bbmedium\u00a0\u00bb url=\u00a0\u00bbhttps:\/\/timingsense.com\/fr\/tsportable-description\/?internal_campaign=FRsyspasivos_button\u00a0\u00bb align=\u00a0\u00bbcenter\u00a0\u00bb margin_bottom=\u00a0\u00bb20&Prime; margin_right=\u00a0\u00bb0&Prime; el_class=\u00a0\u00bbbtnCTAOutline btnSecondary btnDoubleLine\u00a0\u00bb outline_skin=\u00a0\u00bbcustom\u00a0\u00bb outline_active_text_color=\u00a0\u00bb#1d67ff\u00a0\u00bb outline_hover_bg_color=\u00a0\u00bb#1d67ff\u00a0\u00bb outline_hover_color=\u00a0\u00bb#ffffff\u00a0\u00bb]LIRE PLUS[\/mk_button][\/mk_custom_box][\/vc_column_inner][vc_column_inner width=\u00a0\u00bb1\/3&Prime; css=\u00a0\u00bb.vc_custom_1558609368016{padding-right: 10px !important;padding-left: 10px !important;}\u00a0\u00bb][mk_custom_box padding_vertical=\u00a0\u00bb0&Prime; padding_horizental=\u00a0\u00bb10&Prime; margin_bottom=\u00a0\u00bb40&Prime; el_class=\u00a0\u00bbbtnSectionSoluciones btnSection-cent\u00a0\u00bb][mk_padding_divider size=\u00a0\u00bb30&Prime;][mk_image src=\u00a0\u00bbhttps:\/\/timingsense.com\/wp-content\/uploads\/2021\/04\/chips-gradient-128&#215;80-1.png\u00a0\u00bb image_size=\u00a0\u00bbfull\u00a0\u00bb align=\u00a0\u00bbcenter\u00a0\u00bb margin_bottom=\u00a0\u00bb30&Prime;][mk_fancy_title color=\u00a0\u00bb#000000&Prime; size=\u00a0\u00bb20&Prime; font_weight=\u00a0\u00bb300&Prime; margin_top=\u00a0\u00bb5&Prime; margin_bottom=\u00a0\u00bb3&Prime; font_family=\u00a0\u00bbOpen+Sans\u00a0\u00bb font_type=\u00a0\u00bbgoogle\u00a0\u00bb align=\u00a0\u00bbcenter\u00a0\u00bb]Puces passives[\/mk_fancy_title][vc_column_text align=\u00a0\u00bbcenter\u00a0\u00bb el_class=\u00a0\u00bbDescriptionSectionSoluciones\u00a0\u00bb css=\u00a0\u00bb.vc_custom_1618833219264{margin-bottom: 0px !important;}\u00a0\u00bb]Jetable, r\u00e9utilisable ou multisport. Choisissez la puce qui vous convient le mieux pour votre \u00e9v\u00e9nement.[\/vc_column_text][mk_button dimension=\u00a0\u00bboutline\u00a0\u00bb corner_style=\u00a0\u00bbfull_rounded\u00a0\u00bb size=\u00a0\u00bbmedium\u00a0\u00bb url=\u00a0\u00bbhttps:\/\/timingsense.com\/fr\/puce-rfid-chronometrage\/?internal_campaign=FRsyspasivos_button\u00a0\u00bb align=\u00a0\u00bbcenter\u00a0\u00bb margin_bottom=\u00a0\u00bb20&Prime; margin_right=\u00a0\u00bb0&Prime; el_class=\u00a0\u00bbbtnCTAOutline btnSecondary btnDoubleLine\u00a0\u00bb outline_skin=\u00a0\u00bbcustom\u00a0\u00bb outline_active_text_color=\u00a0\u00bb#1d67ff\u00a0\u00bb outline_hover_bg_color=\u00a0\u00bb#1d67ff\u00a0\u00bb outline_hover_color=\u00a0\u00bb#ffffff\u00a0\u00bb]LIRE PLUS[\/mk_button][\/mk_custom_box][\/vc_column_inner][\/vc_row_inner][vc_row_inner disable_element=\u00a0\u00bbyes\u00a0\u00bb][vc_column_inner width=\u00a0\u00bb1\/3&Prime; css=\u00a0\u00bb.vc_custom_1558609331455{padding-right: 10px !important;padding-left: 10px !important;}\u00a0\u00bb][mk_custom_box padding_vertical=\u00a0\u00bb0&Prime; padding_horizental=\u00a0\u00bb10&Prime; margin_bottom=\u00a0\u00bb40&Prime; el_class=\u00a0\u00bbbtnSectionSoluciones btnSection-cent\u00a0\u00bb][mk_padding_divider size=\u00a0\u00bb30&Prime;][mk_image src=\u00a0\u00bbhttps:\/\/timingsense.com\/wp-content\/uploads\/2019\/05\/cronometrar-carrera-a-pie.png\u00a0\u00bb image_size=\u00a0\u00bbfull\u00a0\u00bb align=\u00a0\u00bbcenter\u00a0\u00bb margin_bottom=\u00a0\u00bb30&Prime;][mk_fancy_title color=\u00a0\u00bb#000000&Prime; size=\u00a0\u00bb20&Prime; font_weight=\u00a0\u00bb300&Prime; margin_bottom=\u00a0\u00bb3&Prime; font_family=\u00a0\u00bbOpen+Sans\u00a0\u00bb font_type=\u00a0\u00bbgoogle\u00a0\u00bb align=\u00a0\u00bbcenter\u00a0\u00bb]Carrera a pie[\/mk_fancy_title][vc_column_text align=\u00a0\u00bbcenter\u00a0\u00bb el_class=\u00a0\u00bbDescriptionSectionSoluciones\u00a0\u00bb css=\u00a0\u00bb.vc_custom_1558612404460{margin-bottom: 0px !important;}\u00a0\u00bb]Utiliza nuestro sistema TS2, antenas de suelo y chips desechables para tus carreras de running.[\/vc_column_text][mk_button dimension=\u00a0\u00bboutline\u00a0\u00bb corner_style=\u00a0\u00bbfull_rounded\u00a0\u00bb size=\u00a0\u00bbmedium\u00a0\u00bb url=\u00a0\u00bbhttps:\/\/timingsense.com\/cronometrar-carrera-a-pie\/?internal_campaign=ESsoluciones_button\u00a0\u00bb align=\u00a0\u00bbcenter\u00a0\u00bb margin_bottom=\u00a0\u00bb20&Prime; margin_right=\u00a0\u00bb0&Prime; el_class=\u00a0\u00bbbtnCTAOutline btnSecondary btnDoubleLine\u00a0\u00bb outline_skin=\u00a0\u00bbcustom\u00a0\u00bb outline_active_text_color=\u00a0\u00bb#1d67ff\u00a0\u00bb outline_hover_bg_color=\u00a0\u00bb#1d67ff\u00a0\u00bb outline_hover_color=\u00a0\u00bb#ffffff\u00a0\u00bb]LEER M\u00c1S[\/mk_button][\/mk_custom_box][\/vc_column_inner][vc_column_inner width=\u00a0\u00bb1\/3&Prime; css=\u00a0\u00bb.vc_custom_1558609357877{padding-right: 10px !important;padding-left: 10px !important;}\u00a0\u00bb][mk_custom_box padding_vertical=\u00a0\u00bb0&Prime; padding_horizental=\u00a0\u00bb10&Prime; margin_bottom=\u00a0\u00bb40&Prime; el_class=\u00a0\u00bbbtnSectionSoluciones btnSection-cent\u00a0\u00bb][mk_padding_divider size=\u00a0\u00bb30&Prime;][mk_image src=\u00a0\u00bbhttps:\/\/timingsense.com\/wp-content\/uploads\/2019\/05\/cronometrar-ciclismo.png\u00a0\u00bb image_size=\u00a0\u00bbfull\u00a0\u00bb align=\u00a0\u00bbcenter\u00a0\u00bb margin_bottom=\u00a0\u00bb30&Prime;][mk_fancy_title color=\u00a0\u00bb#000000&Prime; size=\u00a0\u00bb20&Prime; font_weight=\u00a0\u00bb300&Prime; margin_bottom=\u00a0\u00bb3&Prime; font_family=\u00a0\u00bbOpen+Sans\u00a0\u00bb font_type=\u00a0\u00bbgoogle\u00a0\u00bb align=\u00a0\u00bbcenter\u00a0\u00bb]Ciclismo[\/mk_fancy_title][vc_column_text align=\u00a0\u00bbcenter\u00a0\u00bb el_class=\u00a0\u00bbDescriptionSectionSoluciones\u00a0\u00bb css=\u00a0\u00bb.vc_custom_1558612477502{margin-bottom: 0px !important;}\u00a0\u00bb]Puedes usar antenas de suelo o laterales, pero te recomendamos las primeras. Te contamos por qu\u00e9.[\/vc_column_text][mk_button dimension=\u00a0\u00bboutline\u00a0\u00bb corner_style=\u00a0\u00bbfull_rounded\u00a0\u00bb size=\u00a0\u00bbmedium\u00a0\u00bb url=\u00a0\u00bbhttps:\/\/timingsense.com\/cronometrar-prueba-ciclismo\/?internal_campaign=ESsoluciones_button\u00a0\u00bb align=\u00a0\u00bbcenter\u00a0\u00bb margin_bottom=\u00a0\u00bb20&Prime; margin_right=\u00a0\u00bb0&Prime; el_class=\u00a0\u00bbbtnCTAOutline btnSecondary btnDoubleLine\u00a0\u00bb outline_skin=\u00a0\u00bbcustom\u00a0\u00bb outline_active_text_color=\u00a0\u00bb#1d67ff\u00a0\u00bb outline_hover_bg_color=\u00a0\u00bb#1d67ff\u00a0\u00bb outline_hover_color=\u00a0\u00bb#ffffff\u00a0\u00bb]LEER M\u00c1S[\/mk_button][\/mk_custom_box][\/vc_column_inner][vc_column_inner width=\u00a0\u00bb1\/3&Prime; css=\u00a0\u00bb.vc_custom_1558609368016{padding-right: 10px !important;padding-left: 10px !important;}\u00a0\u00bb][mk_custom_box padding_vertical=\u00a0\u00bb0&Prime; padding_horizental=\u00a0\u00bb10&Prime; margin_bottom=\u00a0\u00bb40&Prime; el_class=\u00a0\u00bbbtnSectionSoluciones btnSection-cent\u00a0\u00bb][mk_padding_divider size=\u00a0\u00bb30&Prime;][mk_image src=\u00a0\u00bbhttps:\/\/timingsense.com\/wp-content\/uploads\/2019\/05\/cronometrar-un-triatlon.png\u00a0\u00bb image_size=\u00a0\u00bbfull\u00a0\u00bb align=\u00a0\u00bbcenter\u00a0\u00bb margin_bottom=\u00a0\u00bb30&Prime;][mk_fancy_title color=\u00a0\u00bb#000000&Prime; size=\u00a0\u00bb20&Prime; font_weight=\u00a0\u00bb300&Prime; margin_bottom=\u00a0\u00bb3&Prime; font_family=\u00a0\u00bbOpen+Sans\u00a0\u00bb font_type=\u00a0\u00bbgoogle\u00a0\u00bb align=\u00a0\u00bbcenter\u00a0\u00bb]Triatl\u00f3n[\/mk_fancy_title][vc_column_text align=\u00a0\u00bbcenter\u00a0\u00bb el_class=\u00a0\u00bbDescriptionSectionSoluciones\u00a0\u00bb css=\u00a0\u00bb.vc_custom_1558612516362{margin-bottom: 0px !important;}\u00a0\u00bb]Utiliza nuestro chip multisport, reutilizable y resistente al agua, para cronometrar triatl\u00f3n y duatl\u00f3n.[\/vc_column_text][mk_button dimension=\u00a0\u00bboutline\u00a0\u00bb corner_style=\u00a0\u00bbfull_rounded\u00a0\u00bb size=\u00a0\u00bbmedium\u00a0\u00bb url=\u00a0\u00bbhttps:\/\/timingsense.com\/cronometrar-triatlon\/?internal_campaign=ESsoluciones_button\u00a0\u00bb align=\u00a0\u00bbcenter\u00a0\u00bb margin_bottom=\u00a0\u00bb20&Prime; margin_right=\u00a0\u00bb0&Prime; el_class=\u00a0\u00bbbtnCTAOutline btnSecondary btnDoubleLine\u00a0\u00bb outline_skin=\u00a0\u00bbcustom\u00a0\u00bb outline_active_text_color=\u00a0\u00bb#1d67ff\u00a0\u00bb outline_hover_bg_color=\u00a0\u00bb#1d67ff\u00a0\u00bb outline_hover_color=\u00a0\u00bb#ffffff\u00a0\u00bb]LEER M\u00c1S[\/mk_button][\/mk_custom_box][\/vc_column_inner][\/vc_row_inner][\/vc_column][vc_column width=\u00a0\u00bb1\/12&Prime;][\/vc_column][\/mk_page_section][mk_page_section bg_image=\u00a0\u00bbhttps:\/\/timingsense.com\/wp-content\/uploads\/2018\/10\/rectangle-copy.png\u00a0\u00bb bg_gradient=\u00a0\u00bbradial\u00a0\u00bb min_height=\u00a0\u00bb0&Prime; padding_top=\u00a0\u00bb50&Prime; padding_bottom=\u00a0\u00bb20&Prime; section_id=\u00a0\u00bbmanual 2&Prime; el_class=\u00a0\u00bblight-mode-section\u00a0\u00bb sidebar=\u00a0\u00bbsidebar-1&Prime;][vc_column][vc_row_inner][vc_column_inner width=\u00a0\u00bb1\/4&Prime;][\/vc_column_inner][vc_column_inner width=\u00a0\u00bb1\/4&Prime;][mk_image src=\u00a0\u00bbhttps:\/\/timingsense.com\/wp-content\/uploads\/2019\/10\/fr-mock-up-canales.png\u00a0\u00bb image_size=\u00a0\u00bbfull\u00a0\u00bb align=\u00a0\u00bbcenter\u00a0\u00bb el_class=\u00a0\u00bbmax70&Prime;][\/vc_column_inner][vc_column_inner width=\u00a0\u00bb1\/4&Prime;][mk_fancy_title tag_name=\u00a0\u00bbh5&Prime; color=\u00a0\u00bb#1d67ff\u00a0\u00bb size=\u00a0\u00bb30&Prime; force_font_size=\u00a0\u00bbtrue\u00a0\u00bb size_smallscreen=\u00a0\u00bb30&Prime; size_tablet=\u00a0\u00bb26&Prime; size_phone=\u00a0\u00bb22&Prime; font_weight=\u00a0\u00bb300&Prime; font_style=\u00a0\u00bbitalic\u00a0\u00bb margin_bottom=\u00a0\u00bb0&Prime; font_family=\u00a0\u00bbOpen+Sans\u00a0\u00bb font_type=\u00a0\u00bbgoogle\u00a0\u00bb responsive_align=\u00a0\u00bbleft\u00a0\u00bb]\n<p class=\"p1\"><span class=\"s1\">Montage des antennes et configuration des canaux<\/span><\/p>\n[\/mk_fancy_title][mk_custom_list el_class=\u00a0\u00bbtxtRegularBlack gchecklist\u00a0\u00bb]Apprenez comment monter et configurer les antennes en fonction de votre mat\u00e9riel disponible et de la discipline sportive :<\/p>\n<ul>\n<li>Configuration avec antennes au sol.<\/li>\n<li>Configuration avec antennes lat\u00e9rales.<\/li>\n<li>Configuration mixte (avec antennes au sol et lat\u00e9rales).<\/li>\n<\/ul>\n[\/mk_custom_list][mk_button dimension=\u00a0\u00bboutline\u00a0\u00bb corner_style=\u00a0\u00bbfull_rounded\u00a0\u00bb size=\u00a0\u00bbmedium\u00a0\u00bb url=\u00a0\u00bbhttps:\/\/timingsense.com\/wp-content\/uploads\/2019\/10\/montage-des-antennes-et-configuration-des-canaux.pdf\u00a0\u00bb target=\u00a0\u00bb_blank\u00a0\u00bb align=\u00a0\u00bbcenter\u00a0\u00bb margin_bottom=\u00a0\u00bb20&Prime; margin_right=\u00a0\u00bb0&Prime; el_class=\u00a0\u00bbbtnCTAOutline btnSecondary btnDoubleLine\u00a0\u00bb outline_skin=\u00a0\u00bbcustom\u00a0\u00bb outline_active_text_color=\u00a0\u00bb#1d67ff\u00a0\u00bb outline_hover_bg_color=\u00a0\u00bb#1d67ff\u00a0\u00bb outline_hover_color=\u00a0\u00bb#ffffff\u00a0\u00bb]TEL\u00c9CHARGER LE MANUEL[\/mk_button][\/vc_column_inner][vc_column_inner width=\u00a0\u00bb1\/4&Prime;][\/vc_column_inner][\/vc_row_inner][\/vc_column][\/mk_page_section][mk_page_section bg_color=\u00a0\u00bb#0012a1&Prime; bg_position=\u00a0\u00bbcenter top\u00a0\u00bb bg_stretch=\u00a0\u00bbtrue\u00a0\u00bb video_color_mask=\u00a0\u00bb#0000a1&Prime; video_opacity=\u00a0\u00bb0&Prime; padding_top=\u00a0\u00bb120&Prime; padding_bottom=\u00a0\u00bb100&Prime; sidebar=\u00a0\u00bbsidebar-1&Prime;][vc_column][vc_row_inner][vc_column_inner width=\u00a0\u00bb1\/6&Prime;][\/vc_column_inner][vc_column_inner width=\u00a0\u00bb2\/3&Prime;][mk_fancy_title tag_name=\u00a0\u00bbspan\u00a0\u00bb color=\u00a0\u00bb#ffffff\u00a0\u00bb size=\u00a0\u00bb30&Prime; force_font_size=\u00a0\u00bbtrue\u00a0\u00bb size_smallscreen=\u00a0\u00bb30&Prime; size_tablet=\u00a0\u00bb26&Prime; size_phone=\u00a0\u00bb22&Prime; font_weight=\u00a0\u00bb300&Prime; margin_bottom=\u00a0\u00bb30&Prime; font_family=\u00a0\u00bbOpen+Sans\u00a0\u00bb font_type=\u00a0\u00bbgoogle\u00a0\u00bb align=\u00a0\u00bbcenter\u00a0\u00bb]\n<p class=\"p1\"><span class=\"s1\">Vous avez besoin de plus d&rsquo;informations ? <\/span><\/p>\n[\/mk_fancy_title][vc_raw_html]JTNDc2NyaXB0JTIwdHlwZSUzRCUyMnRleHQlMkZqYXZhc2NyaXB0JTIyJTIwc3JjJTNEJTIyaHR0cHMlM0ElMkYlMkZhcGkuY2xpZW50aWZ5Lm5ldCUyRndlYi1tYXJrZXRpbmclMkZzdXBlcmZvcm1zJTJGc2NyaXB0JTJGMTA3MTAzLmpzJTIyJTNFJTNDJTJGc2NyaXB0JTNF[\/vc_raw_html][\/vc_column_inner][vc_column_inner width=\u00a0\u00bb1\/6&Prime;][\/vc_column_inner][\/vc_row_inner][\/vc_column][\/mk_page_section]\n","protected":false},"excerpt":{"rendered":"<p>[mk_page_section bg_image=\u00a0\u00bbhttps:\/\/timingsense.com\/wp-content\/uploads\/2019\/05\/matriz-compressor.png\u00a0\u00bb bg_repeat=\u00a0\u00bbno-repeat\u00a0\u00bb min_height=\u00a0\u00bb0&Prime; padding_top=\u00a0\u00bb80&Prime; padding_bottom=\u00a0\u00bb150&Prime; sidebar=\u00a0\u00bbsidebar-1&Prime;][vc_column width=\u00a0\u00bb1\/12&Prime;][\/vc_column][vc_column width=\u00a0\u00bb5\/6&Prime;][mk_fancy_title color=\u00a0\u00bb#000000&Prime; size=\u00a0\u00bb48&Prime; force_font_size=\u00a0\u00bbtrue\u00a0\u00bb size_smallscreen=\u00a0\u00bb36&Prime; size_tablet=\u00a0\u00bb36&Prime; size_phone=\u00a0\u00bb28&Prime; font_weight=\u00a0\u00bb300&Prime; margin_bottom=\u00a0\u00bb2&Prime; font_family=\u00a0\u00bbOpen+Sans\u00a0\u00bb font_type=\u00a0\u00bbgoogle\u00a0\u00bb align=\u00a0\u00bbcenter\u00a0\u00bb]Syst\u00e8mes de chronom\u00e9trage passif[\/mk_fancy_title][vc_column_text align=\u00a0\u00bbcenter\u00a0\u00bb margin_bottom=\u00a0\u00bb50&Prime; el_class=\u00a0\u00bbtxtSubtitle\u00a0\u00bb css=\u00a0\u00bb.vc_custom_1618484975535{margin-bottom: 0px !important;}\u00a0\u00bb]Ce sont les syst\u00e8mes de chronom\u00e9trage les plus utilis\u00e9s. Ils sont utilis\u00e9s pour chronom\u00e9trer tout type de discipline sportive : course \u00e0 pied, cyclisme, obstacles, triathlons, VTT&#8230; [&hellip;]<\/p>\n","protected":false},"author":2,"featured_media":0,"parent":0,"menu_order":0,"comment_status":"closed","ping_status":"closed","template":"","meta":[],"acf":[],"yoast_head":"<!-- This site is optimized with the Yoast SEO plugin v19.14 - https:\/\/yoast.com\/wordpress\/plugins\/seo\/ -->\n<title>Syst\u00e8mes de chronom\u00e9trage passif | timingsense | technologie de chronom\u00e9trage<\/title>\n<meta name=\"description\" content=\"Ce sont les syst\u00e8mes de chronom\u00e9trage les plus utilis\u00e9s. Ils sont utilis\u00e9s pour chronom\u00e9trer tout type de discipline sportive : course \u00e0 pied, cyclisme, obstacles, triathlons, VTT...\" \/>\n<meta name=\"robots\" content=\"index, follow, max-snippet:-1, max-image-preview:large, max-video-preview:-1\" \/>\n<link rel=\"canonical\" href=\"https:\/\/timingsense.com\/fr\/systemes-chronometrage-passif\/\" \/>\n<meta property=\"og:locale\" content=\"fr_FR\" \/>\n<meta property=\"og:type\" content=\"article\" \/>\n<meta property=\"og:title\" content=\"Syst\u00e8mes de chronom\u00e9trage passif | timingsense | technologie de chronom\u00e9trage\" \/>\n<meta property=\"og:description\" content=\"Ce sont les syst\u00e8mes de chronom\u00e9trage les plus utilis\u00e9s. Ils sont utilis\u00e9s pour chronom\u00e9trer tout type de discipline sportive : course \u00e0 pied, cyclisme, obstacles, triathlons, VTT...\" \/>\n<meta property=\"og:url\" content=\"https:\/\/timingsense.com\/fr\/systemes-chronometrage-passif\/\" \/>\n<meta property=\"og:site_name\" content=\"timingsense\" \/>\n<meta property=\"article:publisher\" content=\"https:\/\/www.facebook.com\/timingsense\/\" \/>\n<meta property=\"article:modified_time\" content=\"2022-12-28T16:13:25+00:00\" \/>\n<meta name=\"twitter:card\" content=\"summary_large_image\" \/>\n<meta name=\"twitter:site\" content=\"@timingsense\" \/>\n<meta name=\"twitter:label1\" content=\"Dur\u00e9e de lecture estim\u00e9e\" \/>\n\t<meta name=\"twitter:data1\" content=\"3 minutes\" \/>\n<script type=\"application\/ld+json\" class=\"yoast-schema-graph\">{\"@context\":\"https:\/\/schema.org\",\"@graph\":[{\"@type\":\"WebPage\",\"@id\":\"https:\/\/timingsense.com\/fr\/systemes-chronometrage-passif\/\",\"url\":\"https:\/\/timingsense.com\/fr\/systemes-chronometrage-passif\/\",\"name\":\"Syst\u00e8mes de chronom\u00e9trage passif | timingsense | technologie de chronom\u00e9trage\",\"isPartOf\":{\"@id\":\"https:\/\/timingsense.com\/fr\/#website\"},\"datePublished\":\"2021-04-15T11:26:24+00:00\",\"dateModified\":\"2022-12-28T16:13:25+00:00\",\"description\":\"Ce sont les syst\u00e8mes de chronom\u00e9trage les plus utilis\u00e9s. Ils sont utilis\u00e9s pour chronom\u00e9trer tout type de discipline sportive : course \u00e0 pied, cyclisme, obstacles, triathlons, VTT...\",\"breadcrumb\":{\"@id\":\"https:\/\/timingsense.com\/fr\/systemes-chronometrage-passif\/#breadcrumb\"},\"inLanguage\":\"fr-FR\",\"potentialAction\":[{\"@type\":\"ReadAction\",\"target\":[\"https:\/\/timingsense.com\/fr\/systemes-chronometrage-passif\/\"]}]},{\"@type\":\"BreadcrumbList\",\"@id\":\"https:\/\/timingsense.com\/fr\/systemes-chronometrage-passif\/#breadcrumb\",\"itemListElement\":[{\"@type\":\"ListItem\",\"position\":1,\"name\":\"Home\",\"item\":\"https:\/\/timingsense.com\/fr\/\"},{\"@type\":\"ListItem\",\"position\":2,\"name\":\"Dispositifs de chronom\u00e9trage passif\"}]},{\"@type\":\"WebSite\",\"@id\":\"https:\/\/timingsense.com\/fr\/#website\",\"url\":\"https:\/\/timingsense.com\/fr\/\",\"name\":\"timingsense\",\"description\":\"Tecnolog\u00eda de cronometraje\",\"potentialAction\":[{\"@type\":\"SearchAction\",\"target\":{\"@type\":\"EntryPoint\",\"urlTemplate\":\"https:\/\/timingsense.com\/fr\/?s={search_term_string}\"},\"query-input\":\"required name=search_term_string\"}],\"inLanguage\":\"fr-FR\"}]}<\/script>\n<!-- \/ Yoast SEO plugin. -->","yoast_head_json":{"title":"Syst\u00e8mes de chronom\u00e9trage passif | timingsense | technologie de chronom\u00e9trage","description":"Ce sont les syst\u00e8mes de chronom\u00e9trage les plus utilis\u00e9s. Ils sont utilis\u00e9s pour chronom\u00e9trer tout type de discipline sportive : course \u00e0 pied, cyclisme, obstacles, triathlons, VTT...","robots":{"index":"index","follow":"follow","max-snippet":"max-snippet:-1","max-image-preview":"max-image-preview:large","max-video-preview":"max-video-preview:-1"},"canonical":"https:\/\/timingsense.com\/fr\/systemes-chronometrage-passif\/","og_locale":"fr_FR","og_type":"article","og_title":"Syst\u00e8mes de chronom\u00e9trage passif | timingsense | technologie de chronom\u00e9trage","og_description":"Ce sont les syst\u00e8mes de chronom\u00e9trage les plus utilis\u00e9s. Ils sont utilis\u00e9s pour chronom\u00e9trer tout type de discipline sportive : course \u00e0 pied, cyclisme, obstacles, triathlons, VTT...","og_url":"https:\/\/timingsense.com\/fr\/systemes-chronometrage-passif\/","og_site_name":"timingsense","article_publisher":"https:\/\/www.facebook.com\/timingsense\/","article_modified_time":"2022-12-28T16:13:25+00:00","twitter_card":"summary_large_image","twitter_site":"@timingsense","twitter_misc":{"Dur\u00e9e de lecture estim\u00e9e":"3 minutes"},"schema":{"@context":"https:\/\/schema.org","@graph":[{"@type":"WebPage","@id":"https:\/\/timingsense.com\/fr\/systemes-chronometrage-passif\/","url":"https:\/\/timingsense.com\/fr\/systemes-chronometrage-passif\/","name":"Syst\u00e8mes de chronom\u00e9trage passif | timingsense | technologie de chronom\u00e9trage","isPartOf":{"@id":"https:\/\/timingsense.com\/fr\/#website"},"datePublished":"2021-04-15T11:26:24+00:00","dateModified":"2022-12-28T16:13:25+00:00","description":"Ce sont les syst\u00e8mes de chronom\u00e9trage les plus utilis\u00e9s. Ils sont utilis\u00e9s pour chronom\u00e9trer tout type de discipline sportive : course \u00e0 pied, cyclisme, obstacles, triathlons, VTT...","breadcrumb":{"@id":"https:\/\/timingsense.com\/fr\/systemes-chronometrage-passif\/#breadcrumb"},"inLanguage":"fr-FR","potentialAction":[{"@type":"ReadAction","target":["https:\/\/timingsense.com\/fr\/systemes-chronometrage-passif\/"]}]},{"@type":"BreadcrumbList","@id":"https:\/\/timingsense.com\/fr\/systemes-chronometrage-passif\/#breadcrumb","itemListElement":[{"@type":"ListItem","position":1,"name":"Home","item":"https:\/\/timingsense.com\/fr\/"},{"@type":"ListItem","position":2,"name":"Dispositifs de chronom\u00e9trage passif"}]},{"@type":"WebSite","@id":"https:\/\/timingsense.com\/fr\/#website","url":"https:\/\/timingsense.com\/fr\/","name":"timingsense","description":"Tecnolog\u00eda de cronometraje","potentialAction":[{"@type":"SearchAction","target":{"@type":"EntryPoint","urlTemplate":"https:\/\/timingsense.com\/fr\/?s={search_term_string}"},"query-input":"required name=search_term_string"}],"inLanguage":"fr-FR"}]}},"_links":{"self":[{"href":"https:\/\/timingsense.com\/fr\/wp-json\/wp\/v2\/pages\/36312"}],"collection":[{"href":"https:\/\/timingsense.com\/fr\/wp-json\/wp\/v2\/pages"}],"about":[{"href":"https:\/\/timingsense.com\/fr\/wp-json\/wp\/v2\/types\/page"}],"author":[{"embeddable":true,"href":"https:\/\/timingsense.com\/fr\/wp-json\/wp\/v2\/users\/2"}],"replies":[{"embeddable":true,"href":"https:\/\/timingsense.com\/fr\/wp-json\/wp\/v2\/comments?post=36312"}],"version-history":[{"count":11,"href":"https:\/\/timingsense.com\/fr\/wp-json\/wp\/v2\/pages\/36312\/revisions"}],"predecessor-version":[{"id":45230,"href":"https:\/\/timingsense.com\/fr\/wp-json\/wp\/v2\/pages\/36312\/revisions\/45230"}],"wp:attachment":[{"href":"https:\/\/timingsense.com\/fr\/wp-json\/wp\/v2\/media?parent=36312"}],"curies":[{"name":"wp","href":"https:\/\/api.w.org\/{rel}","templated":true}]}}