{"id":9283,"date":"2018-06-06T10:01:36","date_gmt":"2018-06-06T10:01:36","guid":{"rendered":"https:\/\/timingsense.com\/?page_id=9283"},"modified":"2022-12-28T16:54:51","modified_gmt":"2022-12-28T16:54:51","slug":"tsportable-specifications","status":"publish","type":"page","link":"https:\/\/timingsense.com\/en\/tsportable-specifications\/","title":{"rendered":"TSPortable Specifications"},"content":{"rendered":"[vc_row fullwidth=&#8221;true&#8221; fullwidth_content=&#8221;false&#8221; id=&#8221;secondaryNav&#8221;][vc_column][vc_row_inner][vc_column_inner el_class=&#8221;ts_sticky_nav_product&#8221; width=&#8221;1\/3&#8243;][mk_image src=&#8221;https:\/\/timingsense.com\/wp-content\/uploads\/2017\/12\/icono-timingsense.png&#8221; image_size=&#8221;full&#8221; link=&#8221;https:\/\/timingsense.com\/en\/&#8221; margin_bottom=&#8221;0&#8243; el_class=&#8221;ts_sticky_nav&#8221;][mk_fancy_title tag_name=&#8221;h1&#8243; color=&#8221;#0a0a0a&#8221; size=&#8221;20&#8243; font_weight=&#8221;300&#8243; margin_bottom=&#8221;0&#8243; font_family=&#8221;none&#8221; responsive_align=&#8221;left&#8221; el_class=&#8221;ts_sticky_product_name&#8221;]\n<p class=\"p1\"><span class=\"s1\">TSPortable<\/span><\/p>\n[\/mk_fancy_title][vc_icon icon_fontawesome=&#8221;fa fa-chevron-down&#8221; color=&#8221;black&#8221; align=&#8221;right&#8221; el_id=&#8221;toggleSubmenu&#8221;][\/vc_column_inner][vc_column_inner el_class=&#8221;secondarynav-wrapper&#8221; width=&#8221;2\/3&#8243;][vc_wp_custommenu nav_menu=&#8221;176&#8243;][\/vc_column_inner][\/vc_row_inner][\/vc_column][\/vc_row][mk_page_section padding_top=&#8221;90&#8243; sidebar=&#8221;sidebar-1&#8243;][vc_column][mk_fancy_title tag_name=&#8221;h1&#8243; color=&#8221;#000000&#8243; size=&#8221;30&#8243; force_font_size=&#8221;true&#8221; size_smallscreen=&#8221;30&#8243; size_tablet=&#8221;30&#8243; size_phone=&#8221;30&#8243; font_weight=&#8221;300&#8243; font_family=&#8221;none&#8221;]Specifications[\/mk_fancy_title][vc_row_inner][vc_column_inner width=&#8221;1\/12&#8243;][\/vc_column_inner][vc_column_inner width=&#8221;11\/12&#8243;][mk_custom_list icon_color=&#8221;#0a0303&#8243; align=&#8221;left&#8221; el_class=&#8221;checklist&#8221;]\n<ul>\n<li>Great power and read speed, from up to 4 metres from the chip.<\/li>\n<li>534 gram timing point (total weight of the phone and the RFID reader).<\/li>\n<li>Our electronics can withstand temperatures from -10\u00ba C to 40\u00ba C.<\/li>\n<li>RFID Reader battery life of over one week.<\/li>\n<li>Automatic synchronization with TSCloud.<\/li>\n<li>Backup copy of readings on mobile.<\/li>\n<\/ul>\n[\/mk_custom_list][mk_button dimension=&#8221;outline&#8221; corner_style=&#8221;full_rounded&#8221; icon=&#8221;mk-moon-download-3&#8243; url=&#8221;https:\/\/timingsense.com\/wp-content\/uploads\/2018\/06\/en-tsportable-datasheet.pptx.pdf&#8221; target=&#8221;_blank&#8221; margin_bottom=&#8221;0&#8243; margin_right=&#8221;0&#8243; el_class=&#8221;btnCTAOutline btnDownload&#8221; outline_skin=&#8221;custom&#8221; outline_active_text_color=&#8221;#1d67ff&#8221; outline_hover_bg_color=&#8221;#1d67ff&#8221; outline_hover_color=&#8221;#ffffff&#8221;]DOWNLOAD PDF[\/mk_button][\/vc_column_inner][\/vc_row_inner][\/vc_column][\/mk_page_section][vc_row css=&#8221;.vc_custom_1513815013878{margin-top: 50px !important;margin-bottom: 50px !important;}&#8221;][vc_column][vc_separator color=&#8221;custom&#8221; accent_color=&#8221;#d3d9dd&#8221;][\/vc_column][\/vc_row][vc_row][vc_column][mk_fancy_title tag_name=&#8221;h3&#8243; color=&#8221;#000000&#8243; size=&#8221;20&#8243; force_font_size=&#8221;true&#8221; size_smallscreen=&#8221;20&#8243; size_tablet=&#8221;20&#8243; size_phone=&#8221;20&#8243; font_weight=&#8221;400&#8243; font_family=&#8221;none&#8221;]What does TSPortable includes[\/mk_fancy_title][vc_row_inner][vc_column_inner width=&#8221;1\/3&#8243;][mk_image src=&#8221;https:\/\/timingsense.com\/wp-content\/uploads\/2018\/05\/tsp_lector-rfid-especf.jpg&#8221; image_size=&#8221;full&#8221; align=&#8221;center&#8221;][mk_fancy_title tag_name=&#8221;span&#8221; color=&#8221;#888888&#8243; force_font_size=&#8221;true&#8221; size_smallscreen=&#8221;14&#8243; size_tablet=&#8221;14&#8243; size_phone=&#8221;14&#8243; font_weight=&#8221;400&#8243; font_family=&#8221;none&#8221; align=&#8221;center&#8221; el_class=&#8221;imgmax50&#8243;]\n<p class=\"p1\"><span class=\"s1\">RFID Reader<\/span><\/p>\n[\/mk_fancy_title][\/vc_column_inner][vc_column_inner width=&#8221;1\/3&#8243;][mk_image src=&#8221;https:\/\/timingsense.com\/wp-content\/uploads\/2018\/05\/tsp_specs_motog4.jpg&#8221; image_size=&#8221;full&#8221; align=&#8221;center&#8221;][mk_fancy_title tag_name=&#8221;span&#8221; color=&#8221;#888888&#8243; force_font_size=&#8221;true&#8221; size_smallscreen=&#8221;14&#8243; size_tablet=&#8221;14&#8243; size_phone=&#8221;14&#8243; font_weight=&#8221;400&#8243; font_family=&#8221;none&#8221; align=&#8221;center&#8221;]\n<p class=\"p1\"><span class=\"s1\">Motorola G4<\/span><\/p>\n[\/mk_fancy_title][\/vc_column_inner][vc_column_inner width=&#8221;1\/3&#8243;][mk_image src=&#8221;https:\/\/timingsense.com\/wp-content\/uploads\/2018\/05\/cargadores-tsportable.jpg&#8221; image_size=&#8221;full&#8221; align=&#8221;center&#8221;][mk_fancy_title tag_name=&#8221;span&#8221; color=&#8221;#888888&#8243; force_font_size=&#8221;true&#8221; size_smallscreen=&#8221;14&#8243; size_tablet=&#8221;14&#8243; size_phone=&#8221;14&#8243; font_weight=&#8221;400&#8243; font_family=&#8221;none&#8221; align=&#8221;center&#8221;]\n<p class=\"p1\"><span class=\"s1\">RFID reader charger<\/span><\/p>\n[\/mk_fancy_title][\/vc_column_inner][\/vc_row_inner][\/vc_column][\/vc_row][vc_row css=&#8221;.vc_custom_1513815013878{margin-top: 50px !important;margin-bottom: 50px !important;}&#8221;][vc_column][vc_separator color=&#8221;custom&#8221; accent_color=&#8221;#d3d9dd&#8221;][\/vc_column][\/vc_row][vc_row][vc_column][mk_fancy_title tag_name=&#8221;h3&#8243; color=&#8221;#000000&#8243; size=&#8221;20&#8243; force_font_size=&#8221;true&#8221; size_smallscreen=&#8221;20&#8243; size_tablet=&#8221;20&#8243; size_phone=&#8221;20&#8243; font_weight=&#8221;400&#8243; font_family=&#8221;none&#8221;]RFID Reader[\/mk_fancy_title][vc_row_inner][vc_column_inner width=&#8221;1\/3&#8243;][mk_image src=&#8221;https:\/\/timingsense.com\/wp-content\/uploads\/2018\/05\/tsp_lector-rfid-especf.jpg&#8221; image_size=&#8221;full&#8221; align=&#8221;center&#8221;][\/vc_column_inner][vc_column_inner width=&#8221;2\/3&#8243;][vc_column_text el_class=&#8221;technicalDescription&#8221; css=&#8221;.vc_custom_1527865035966{margin-bottom: 0px !important;}&#8221;]\n<p class=\"p1\"><span class=\"s1\">Dimensions: 16.0 cm x 7.7 cm x 16.9 cm \u2013 Trigger handle<br \/>\nWeight: 380 g<\/span><\/p>\n<p><span class=\"s1\">Power (removable and rechargeable): Litium<\/span><br \/>\n<span class=\"s1\">Nominal voltage 4.2 V<\/span><br \/>\n<span class=\"s1\">Rated Capacity: 2200 mAh<\/span><br \/>\n<span class=\"s1\">Enclosure materials: Polycarbonate<\/span><br \/>\n<span class=\"s1\">RFID engine: TSL\u00ae custom module with embedded Impinj R2000<\/span><br \/>\n<span class=\"s1\">Environmental Operating Temperature:<\/span><br \/>\n<span class=\"s1\">Operating Temperature: -10\u00b0C to 40\u00b0C<\/span><br \/>\n<span class=\"s1\">Charging Temperature: 5\u00b0C to 40\u00b0C<\/span><br \/>\n<span class=\"s1\">Humidity: 5% to 85% non-condensing<\/span><br \/>\n<span class=\"s1\">Environmental Sealing: IP54 Electrostatic Discharge (ESD)<\/span><\/p>\n<p><span class=\"s1\">RFID Performance:<\/span><br \/>\n<span class=\"s1\">Standards supported: EPC Class 1 Gen 2<\/span><br \/>\n<span class=\"s1\">Nominal read range2 : up to 4m<\/span><br \/>\n<span class=\"s1\">Nominal write range2 : up to 1.22 m<\/span><br \/>\n<span class=\"s1\">Field: 150-degree forward facing (approx.) measured from front of device<\/span><br \/>\n<span class=\"s1\">Antenna: Detachable, Circularly Polarized<\/span><br \/>\n<span class=\"s1\">Frequency Range: EU: 865-868MHz; US: 902-928MHz<\/span><br \/>\n<span class=\"s1\">Output Power: 10mW to 800mW<\/span><\/p>\n<p><span class=\"s1\">Comunication:<\/span><br \/>\n<span class=\"s1\">Bluetooth\u00ae: Bluetooth\u00ae Version 2.1 SPP Profile HID Profile Apple iAP<\/span><br \/>\n<span class=\"s1\">Bluetooth\u00ae Class: Class 2<\/span><br \/>\n<span class=\"s1\">Bluetooth\u00ae Range4 : 30m<\/span><br \/>\n<span class=\"s1\">Bluetooth\u00ae Pairing: PIN, Simple Secure Pairing, NFC OOB Pairing<\/span><\/p>\n<p><span class=\"s1\">Regulatory:<\/span><br \/>\n<span class=\"s1\">General: Approved for use in the US, Canada, Europe, Australia, Brazil, China, Hong Kong, Japan, Malaysia, Singapore, South Korea, Taiwan, Thailand and UAE.<\/span><br \/>\n<span class=\"s1\">Electrical Safety: Certified to UL60950-1, CSA C22.2 No. 60950-1, IEC 60950-1, EN 60950-1<\/span><br \/>\n<span class=\"s1\">EMI\/RFI: USA: FCC Part 15 Canada: ICES 003 Class B, RSS-Gen, RSS-102, RSS-247 EU: EN 301 489-3, EN 301 489-1, EN 301 489-17, EN 302-208, EN55022 Class B, EN55024<\/span><br \/>\n<span class=\"s1\">Laser Safety: IEC Class2\/FDA Class II in accordance with IEC60825-1\/EN60825-1, 21CFR1040.10<\/span>[\/vc_column_text][\/vc_column_inner][\/vc_row_inner][\/vc_column][\/vc_row][vc_row css=&#8221;.vc_custom_1513815013878{margin-top: 50px !important;margin-bottom: 50px !important;}&#8221;][vc_column][vc_separator color=&#8221;custom&#8221; accent_color=&#8221;#d3d9dd&#8221;][\/vc_column][\/vc_row][vc_row][vc_column][mk_fancy_title tag_name=&#8221;h3&#8243; color=&#8221;#000000&#8243; size=&#8221;20&#8243; force_font_size=&#8221;true&#8221; size_smallscreen=&#8221;20&#8243; size_tablet=&#8221;18&#8243; size_phone=&#8221;16&#8243; font_weight=&#8221;400&#8243; font_family=&#8221;none&#8221;]\n<p class=\"p1\"><span class=\"s1\">Motorola G4<\/span><\/p>\n[\/mk_fancy_title][vc_row_inner][vc_column_inner width=&#8221;1\/3&#8243;][mk_image src=&#8221;https:\/\/timingsense.com\/wp-content\/uploads\/2018\/05\/tsp_specs_motog4.jpg&#8221; image_size=&#8221;full&#8221; align=&#8221;center&#8221;][\/vc_column_inner][vc_column_inner width=&#8221;2\/3&#8243;][vc_column_text el_class=&#8221;technicalDescription&#8221; css=&#8221;.vc_custom_1527865252705{margin-bottom: 0px !important;}&#8221;]\n<p class=\"p1\"><span class=\"s1\">Model: SM4361AD1L1<br \/>\n<\/span><span class=\"s1\">Name of patten: Moto G4<br \/>\n<\/span><span class=\"s1\">Weight: 154 g<br \/>\n<\/span><span class=\"s1\">Dimensions: 0.8 x 7.7 x 15.3 cm<br \/>\n<\/span><span class=\"s1\">Battery: 1 x Lithium Ion (included)<br \/>\n<\/span><span class=\"s1\">RAM capacity: 2 GB<br \/>\n<\/span><span class=\"s1\">Maximum RAM capacity: 128 GB<br \/>\n<\/span><span class=\"s1\">Storage capacity: 16 GB<br \/>\n<\/span><span class=\"s1\">Operating system: Android 6.0<br \/>\n<\/span><span class=\"s1\">Processor: Qualcomm Snapdragon<br \/>\n<\/span><span class=\"s1\">Processor speed: 1.5 GHz<br \/>\n<\/span><span class=\"s1\">Number of processors: 8<br \/>\n<\/span><span class=\"s1\">Compatible devices: MicroSD (TransFlash)<br \/>\n<\/span><span class=\"s1\">Screen type: TFT<br \/>\n<\/span><span class=\"s1\">Screen resolution: 1080 pixels<br \/>\n<\/span><span class=\"s1\">Type of wireless connection: 802.11B<br \/>\n<\/span><span class=\"s1\">Keyboard: touch screen<br \/>\n<\/span><span class=\"s1\">Wireless connectivity: 2G | 3G | 4G | WIFI | Bluetooth<br \/>\n<\/span><span class=\"s1\">Material type: plastic<\/span><\/p>\n[\/vc_column_text][\/vc_column_inner][\/vc_row_inner][\/vc_column][\/vc_row][vc_row css=&#8221;.vc_custom_1513815013878{margin-top: 50px !important;margin-bottom: 50px !important;}&#8221;][vc_column][vc_separator color=&#8221;custom&#8221; accent_color=&#8221;#d3d9dd&#8221;][\/vc_column][\/vc_row][vc_row][vc_column][mk_fancy_title tag_name=&#8221;h3&#8243; color=&#8221;#000000&#8243; size=&#8221;20&#8243; force_font_size=&#8221;true&#8221; size_smallscreen=&#8221;20&#8243; size_tablet=&#8221;18&#8243; size_phone=&#8221;16&#8243; font_weight=&#8221;400&#8243; font_family=&#8221;none&#8221;]\n<p class=\"p1\"><span class=\"s1\">RFID reader charger<\/span><\/p>\n[\/mk_fancy_title][vc_row_inner][vc_column_inner width=&#8221;1\/3&#8243;][mk_image src=&#8221;https:\/\/timingsense.com\/wp-content\/uploads\/2018\/05\/cargadores-tsportable.jpg&#8221; image_size=&#8221;full&#8221; align=&#8221;center&#8221;][\/vc_column_inner][vc_column_inner width=&#8221;2\/3&#8243;][vc_column_text el_class=&#8221;technicalDescription&#8221; css=&#8221;.vc_custom_1527865353212{margin-bottom: 0px !important;}&#8221;]\n<p class=\"p1\"><span class=\"s1\">Dimensions (LxWxH) 67mm X 49.55mm X 64.8mm<br \/>\n<\/span><span class=\"s1\">Weight (Approx) 80g<br \/>\n<\/span><span class=\"s1\">Input Characteristics: 100-240Vac, 50-60Hz<br \/>\n<\/span><span class=\"s1\">Output Characteristics: +5V, 1A<br \/>\n<\/span><span class=\"s1\">Safety Standard T-License (BS EN60950-1) EMI Standard CE (EN55022)<br \/>\n<\/span><span class=\"s1\">Operating Temperature 0\u00ba C to 40\u00ba C<br \/>\n<\/span><span class=\"s1\">Connector type: Micro USB<\/span><\/p>\n[\/vc_column_text][\/vc_column_inner][\/vc_row_inner][\/vc_column][\/vc_row][vc_row][vc_column][mk_padding_divider size=&#8221;70&#8243;][\/vc_column][\/vc_row][mk_page_section bg_color=&#8221;#0012a1&#8243; bg_position=&#8221;center top&#8221; bg_repeat=&#8221;no-repeat&#8221; bg_stretch=&#8221;true&#8221; video_color_mask=&#8221;#0000a1&#8243; video_opacity=&#8221;0&#8243; padding_top=&#8221;120&#8243; padding_bottom=&#8221;100&#8243; section_id=&#8221;contact&#8221; sidebar=&#8221;sidebar-1&#8243;][vc_column][vc_row_inner][vc_column_inner width=&#8221;1\/6&#8243;][\/vc_column_inner][vc_column_inner width=&#8221;2\/3&#8243;][mk_fancy_title tag_name=&#8221;span&#8221; color=&#8221;#ffffff&#8221; size=&#8221;30&#8243; force_font_size=&#8221;true&#8221; size_smallscreen=&#8221;30&#8243; size_tablet=&#8221;26&#8243; size_phone=&#8221;22&#8243; font_weight=&#8221;300&#8243; margin_bottom=&#8221;30&#8243; font_family=&#8221;Open+Sans&#8221; font_type=&#8221;google&#8221; align=&#8221;center&#8221;]\n<p class=\"p1\">Contact us<\/p>\n[\/mk_fancy_title][vc_raw_html]JTNDc2NyaXB0JTIwdHlwZSUzRCUyMnRleHQlMkZqYXZhc2NyaXB0JTIyJTIwc3JjJTNEJTIyaHR0cHMlM0ElMkYlMkZhcGkuY2xpZW50aWZ5Lm5ldCUyRndlYi1tYXJrZXRpbmclMkZzdXBlcmZvcm1zJTJGc2NyaXB0JTJGMTA3MDkzLmpzJTIyJTNFJTNDJTJGc2NyaXB0JTNF[\/vc_raw_html][\/vc_column_inner][vc_column_inner width=&#8221;1\/6&#8243;][\/vc_column_inner][\/vc_row_inner][\/vc_column][\/mk_page_section]\n","protected":false},"excerpt":{"rendered":"<p>[vc_row fullwidth=&#8221;true&#8221; fullwidth_content=&#8221;false&#8221; id=&#8221;secondaryNav&#8221;][vc_column][vc_row_inner][vc_column_inner el_class=&#8221;ts_sticky_nav_product&#8221; width=&#8221;1\/3&#8243;][mk_image src=&#8221;https:\/\/timingsense.com\/wp-content\/uploads\/2017\/12\/icono-timingsense.png&#8221; image_size=&#8221;full&#8221; link=&#8221;https:\/\/timingsense.com\/en\/&#8221; margin_bottom=&#8221;0&#8243; el_class=&#8221;ts_sticky_nav&#8221;][mk_fancy_title tag_name=&#8221;h1&#8243; color=&#8221;#0a0a0a&#8221; size=&#8221;20&#8243; font_weight=&#8221;300&#8243; margin_bottom=&#8221;0&#8243; font_family=&#8221;none&#8221; responsive_align=&#8221;left&#8221; el_class=&#8221;ts_sticky_product_name&#8221;] TSPortable [\/mk_fancy_title][vc_icon icon_fontawesome=&#8221;fa fa-chevron-down&#8221; color=&#8221;black&#8221; align=&#8221;right&#8221; el_id=&#8221;toggleSubmenu&#8221;][\/vc_column_inner][vc_column_inner el_class=&#8221;secondarynav-wrapper&#8221; width=&#8221;2\/3&#8243;][vc_wp_custommenu nav_menu=&#8221;176&#8243;][\/vc_column_inner][\/vc_row_inner][\/vc_column][\/vc_row][mk_page_section padding_top=&#8221;90&#8243; sidebar=&#8221;sidebar-1&#8243;][vc_column][mk_fancy_title tag_name=&#8221;h1&#8243; color=&#8221;#000000&#8243; size=&#8221;30&#8243; force_font_size=&#8221;true&#8221; size_smallscreen=&#8221;30&#8243; size_tablet=&#8221;30&#8243; size_phone=&#8221;30&#8243; font_weight=&#8221;300&#8243; font_family=&#8221;none&#8221;]Specifications[\/mk_fancy_title][vc_row_inner][vc_column_inner width=&#8221;1\/12&#8243;][\/vc_column_inner][vc_column_inner width=&#8221;11\/12&#8243;][mk_custom_list icon_color=&#8221;#0a0303&#8243; align=&#8221;left&#8221; el_class=&#8221;checklist&#8221;] Great power and read speed, from up to 4 metres [&hellip;]<\/p>\n","protected":false},"author":2,"featured_media":0,"parent":0,"menu_order":0,"comment_status":"closed","ping_status":"closed","template":"","meta":[],"acf":[],"yoast_head":"<!-- This site is optimized with the Yoast SEO plugin v19.14 - https:\/\/yoast.com\/wordpress\/plugins\/seo\/ -->\n<title>Especificaciones de TSPortable | timingsense<\/title>\n<meta name=\"description\" content=\"Un equipo de 534 gramos que te permitir\u00e1 cronometrar los puntos de dif\u00edcil acceso. Encuentra aqu\u00ed todas las especificaciones t\u00e9cnicas del lector RFID, el tel\u00e9fono m\u00f3vil y el cargador de TSPortable.\" \/>\n<meta name=\"robots\" content=\"index, follow, max-snippet:-1, max-image-preview:large, max-video-preview:-1\" \/>\n<link rel=\"canonical\" href=\"https:\/\/timingsense.com\/en\/tsportable-description\/\" \/>\n<meta property=\"og:locale\" content=\"en_US\" \/>\n<meta property=\"og:type\" content=\"article\" \/>\n<meta property=\"og:title\" content=\"Especificaciones de TSPortable | timingsense\" \/>\n<meta property=\"og:description\" content=\"Un equipo de 534 gramos que te permitir\u00e1 cronometrar los puntos de dif\u00edcil acceso. Encuentra aqu\u00ed todas las especificaciones t\u00e9cnicas del lector RFID, el tel\u00e9fono m\u00f3vil y el cargador de TSPortable.\" \/>\n<meta property=\"og:url\" content=\"https:\/\/timingsense.com\/en\/tsportable-description\/\" \/>\n<meta property=\"og:site_name\" content=\"timingsense\" \/>\n<meta property=\"article:publisher\" content=\"https:\/\/www.facebook.com\/timingsense\/\" \/>\n<meta property=\"article:modified_time\" content=\"2022-12-28T16:54:51+00:00\" \/>\n<meta name=\"twitter:card\" content=\"summary_large_image\" \/>\n<meta name=\"twitter:site\" content=\"@timingsense\" \/>\n<meta name=\"twitter:label1\" content=\"Est. reading time\" \/>\n\t<meta name=\"twitter:data1\" content=\"3 minutes\" \/>\n<script type=\"application\/ld+json\" class=\"yoast-schema-graph\">{\"@context\":\"https:\/\/schema.org\",\"@graph\":[{\"@type\":\"WebPage\",\"@id\":\"https:\/\/timingsense.com\/en\/tsportable-specifications\/\",\"url\":\"https:\/\/timingsense.com\/en\/tsportable-description\/\",\"name\":\"Especificaciones de TSPortable | timingsense\",\"isPartOf\":{\"@id\":\"https:\/\/timingsense.com\/fr\/#website\"},\"datePublished\":\"2018-06-06T10:01:36+00:00\",\"dateModified\":\"2022-12-28T16:54:51+00:00\",\"description\":\"Un equipo de 534 gramos que te permitir\u00e1 cronometrar los puntos de dif\u00edcil acceso. Encuentra aqu\u00ed todas las especificaciones t\u00e9cnicas del lector RFID, el tel\u00e9fono m\u00f3vil y el cargador de TSPortable.\",\"breadcrumb\":{\"@id\":\"https:\/\/timingsense.com\/en\/tsportable-description\/#breadcrumb\"},\"inLanguage\":\"en-US\",\"potentialAction\":[{\"@type\":\"ReadAction\",\"target\":[\"https:\/\/timingsense.com\/en\/tsportable-description\/\"]}]},{\"@type\":\"BreadcrumbList\",\"@id\":\"https:\/\/timingsense.com\/en\/tsportable-description\/#breadcrumb\",\"itemListElement\":[{\"@type\":\"ListItem\",\"position\":1,\"name\":\"Home\",\"item\":\"https:\/\/timingsense.com\/en\/\"},{\"@type\":\"ListItem\",\"position\":2,\"name\":\"TSPortable Specifications\"}]},{\"@type\":\"WebSite\",\"@id\":\"https:\/\/timingsense.com\/fr\/#website\",\"url\":\"https:\/\/timingsense.com\/fr\/\",\"name\":\"timingsense\",\"description\":\"Tecnolog\u00eda de cronometraje\",\"potentialAction\":[{\"@type\":\"SearchAction\",\"target\":{\"@type\":\"EntryPoint\",\"urlTemplate\":\"https:\/\/timingsense.com\/fr\/?s={search_term_string}\"},\"query-input\":\"required name=search_term_string\"}],\"inLanguage\":\"en-US\"}]}<\/script>\n<!-- \/ Yoast SEO plugin. -->","yoast_head_json":{"title":"Especificaciones de TSPortable | timingsense","description":"Un equipo de 534 gramos que te permitir\u00e1 cronometrar los puntos de dif\u00edcil acceso. Encuentra aqu\u00ed todas las especificaciones t\u00e9cnicas del lector RFID, el tel\u00e9fono m\u00f3vil y el cargador de TSPortable.","robots":{"index":"index","follow":"follow","max-snippet":"max-snippet:-1","max-image-preview":"max-image-preview:large","max-video-preview":"max-video-preview:-1"},"canonical":"https:\/\/timingsense.com\/en\/tsportable-description\/","og_locale":"en_US","og_type":"article","og_title":"Especificaciones de TSPortable | timingsense","og_description":"Un equipo de 534 gramos que te permitir\u00e1 cronometrar los puntos de dif\u00edcil acceso. Encuentra aqu\u00ed todas las especificaciones t\u00e9cnicas del lector RFID, el tel\u00e9fono m\u00f3vil y el cargador de TSPortable.","og_url":"https:\/\/timingsense.com\/en\/tsportable-description\/","og_site_name":"timingsense","article_publisher":"https:\/\/www.facebook.com\/timingsense\/","article_modified_time":"2022-12-28T16:54:51+00:00","twitter_card":"summary_large_image","twitter_site":"@timingsense","twitter_misc":{"Est. reading time":"3 minutes"},"schema":{"@context":"https:\/\/schema.org","@graph":[{"@type":"WebPage","@id":"https:\/\/timingsense.com\/en\/tsportable-specifications\/","url":"https:\/\/timingsense.com\/en\/tsportable-description\/","name":"Especificaciones de TSPortable | timingsense","isPartOf":{"@id":"https:\/\/timingsense.com\/fr\/#website"},"datePublished":"2018-06-06T10:01:36+00:00","dateModified":"2022-12-28T16:54:51+00:00","description":"Un equipo de 534 gramos que te permitir\u00e1 cronometrar los puntos de dif\u00edcil acceso. Encuentra aqu\u00ed todas las especificaciones t\u00e9cnicas del lector RFID, el tel\u00e9fono m\u00f3vil y el cargador de TSPortable.","breadcrumb":{"@id":"https:\/\/timingsense.com\/en\/tsportable-description\/#breadcrumb"},"inLanguage":"en-US","potentialAction":[{"@type":"ReadAction","target":["https:\/\/timingsense.com\/en\/tsportable-description\/"]}]},{"@type":"BreadcrumbList","@id":"https:\/\/timingsense.com\/en\/tsportable-description\/#breadcrumb","itemListElement":[{"@type":"ListItem","position":1,"name":"Home","item":"https:\/\/timingsense.com\/en\/"},{"@type":"ListItem","position":2,"name":"TSPortable Specifications"}]},{"@type":"WebSite","@id":"https:\/\/timingsense.com\/fr\/#website","url":"https:\/\/timingsense.com\/fr\/","name":"timingsense","description":"Tecnolog\u00eda de cronometraje","potentialAction":[{"@type":"SearchAction","target":{"@type":"EntryPoint","urlTemplate":"https:\/\/timingsense.com\/fr\/?s={search_term_string}"},"query-input":"required name=search_term_string"}],"inLanguage":"en-US"}]}},"_links":{"self":[{"href":"https:\/\/timingsense.com\/en\/wp-json\/wp\/v2\/pages\/9283"}],"collection":[{"href":"https:\/\/timingsense.com\/en\/wp-json\/wp\/v2\/pages"}],"about":[{"href":"https:\/\/timingsense.com\/en\/wp-json\/wp\/v2\/types\/page"}],"author":[{"embeddable":true,"href":"https:\/\/timingsense.com\/en\/wp-json\/wp\/v2\/users\/2"}],"replies":[{"embeddable":true,"href":"https:\/\/timingsense.com\/en\/wp-json\/wp\/v2\/comments?post=9283"}],"version-history":[{"count":10,"href":"https:\/\/timingsense.com\/en\/wp-json\/wp\/v2\/pages\/9283\/revisions"}],"predecessor-version":[{"id":45262,"href":"https:\/\/timingsense.com\/en\/wp-json\/wp\/v2\/pages\/9283\/revisions\/45262"}],"wp:attachment":[{"href":"https:\/\/timingsense.com\/en\/wp-json\/wp\/v2\/media?parent=9283"}],"curies":[{"name":"wp","href":"https:\/\/api.w.org\/{rel}","templated":true}]}}